{"id":55393,"date":"2026-05-09T21:43:08","date_gmt":"2026-05-09T19:43:08","guid":{"rendered":"https:\/\/rapidomotosport.hr\/?post_type=product&#038;p=55393"},"modified":"2026-05-09T21:43:21","modified_gmt":"2026-05-09T19:43:21","slug":"triumph-thruxton-1200-rs-ohlins-stx-36-blackline-shock-absorber-2019-2026","status":"publish","type":"product","link":"https:\/\/rapidomotosport.hr\/it\/proizvod\/triumph-thruxton-1200-rs-ohlins-stx-36-blackline-shock-absorber-2019-2026\/","title":{"rendered":"TRIUMPH THRUXTON 1200 RS \u00d6HLINS STX 36 BLACKLINE SHOCK ABSORBER 2019-2026"},"content":{"rendered":"","protected":false},"excerpt":{"rendered":"<p>Ne dopustite da vas elegantan vanjski izgled zavara \u2014 na\u0161i STX36 Twin Blackline amortizeri ispunjeni su \u00d6hlinsovom prepoznatljivom kvalitetom i performansama prigu\u0161enja. S velikim izborom tvrdo\u0107a opruga te prilagodljivim postavkama prigu\u0161enja i prednaprezanja, mo\u017eete fino podesiti amortizere prema svom jedinstvenom stilu vo\u017enje. Od opu\u0161tene vo\u017enje planinskim cestama do vo\u017enje punim gasom, STX36 Blackline Twin amortizeri namijenjeni su voza\u010dima koji zahtijevaju najbolje u kvaliteti vo\u017enje i performansama.<\/p>\n<p>Ovi STX36 Blackline twin amortizeri za Triumph Thruxton (2015.\u20132019.) su amortizeri emulzijskog tipa, koji koriste \u00d6hlinsov provjereni monotube dizajn i visokotla\u010dni sustav prigu\u0161enja punjen du\u0161ikom.<\/p>\n<p>Podesivo prigu\u0161enje povrata omogu\u0107uje prilagodbu amortizera va\u0161im voza\u010dkim preferencijama. Prednaprezanje opruge mo\u017ee se pode\u0161avati prilo\u017eenim alatom od aluminijskog bloka kako bi se kompenzirale promjene te\u017eine, \u010dime se osigurava pravilna geometrija pri svakoj vo\u017enji. Amortizeri su tako\u0111er podesivi po duljini, \u0161to omogu\u0107uje podizanje ili spu\u0161tanje visine motocikla bez ugro\u017eavanja hoda ovjesa.<\/p>\n<p>Nudimo vi\u0161e tvrdo\u0107a opruga za STX36 Blackline amortizere, \u0161to vam daje dodatne mogu\u0107nosti pode\u0161avanja za postizanje savr\u0161enih postavki za va\u0161 Triumph Thruxton.<\/p>\n<p>TEHNI\u010cKI PODACI<\/p>\n<p>Duljina: 392 +8\/-2 mm<br \/>\nTvrdo\u0107a opruge N\/mm: 16\u201326 N\/mm<br \/>\nUgra\u0111ena opruga: 66383-03<br \/>\nPakiranje: par<\/p>\n","protected":false},"featured_media":55372,"template":"","meta":[],"product_brand":[],"product_cat":[1254],"product_tag":[],"class_list":{"0":"post-55393","1":"product","2":"type-product","3":"status-publish","4":"has-post-thumbnail","6":"product_cat-ohlins","8":"first","9":"instock","10":"sale","11":"shipping-taxable","12":"purchasable","13":"product-type-simple"},"yoast_head":"<!-- This site is optimized with the Yoast SEO plugin v27.5 - https:\/\/yoast.com\/product\/yoast-seo-wordpress\/ -->\n<title>TRIUMPH THRUXTON 1200 RS \u00d6HLINS STX 36 BLACKLINE SHOCK ABSORBER 2019-2026 - Rapido Motosport<\/title>\n<meta name=\"robots\" content=\"index, follow, max-snippet:-1, max-image-preview:large, max-video-preview:-1\" \/>\n<link rel=\"canonical\" href=\"https:\/\/rapidomotosport.hr\/it\/proizvod\/triumph-thruxton-1200-rs-ohlins-stx-36-blackline-shock-absorber-2019-2026\/\" \/>\n<meta property=\"og:locale\" content=\"it_IT\" \/>\n<meta property=\"og:type\" content=\"article\" \/>\n<meta property=\"og:title\" content=\"TRIUMPH THRUXTON 1200 RS \u00d6HLINS STX 36 BLACKLINE SHOCK ABSORBER 2019-2026 - Rapido Motosport\" \/>\n<meta property=\"og:description\" content=\"Ne dopustite da vas elegantan vanjski izgled zavara \u2014 na\u0161i STX36 Twin Blackline amortizeri ispunjeni su \u00d6hlinsovom prepoznatljivom kvalitetom i performansama prigu\u0161enja. S velikim izborom tvrdo\u0107a opruga te prilagodljivim postavkama prigu\u0161enja i prednaprezanja, mo\u017eete fino podesiti amortizere prema svom jedinstvenom stilu vo\u017enje. Od opu\u0161tene vo\u017enje planinskim cestama do vo\u017enje punim gasom, STX36 Blackline Twin amortizeri namijenjeni su voza\u010dima koji zahtijevaju najbolje u kvaliteti vo\u017enje i performansama.  Ovi STX36 Blackline twin amortizeri za Triumph Thruxton (2015.\u20132019.) su amortizeri emulzijskog tipa, koji koriste \u00d6hlinsov provjereni monotube dizajn i visokotla\u010dni sustav prigu\u0161enja punjen du\u0161ikom.  Podesivo prigu\u0161enje povrata omogu\u0107uje prilagodbu amortizera va\u0161im voza\u010dkim preferencijama. Prednaprezanje opruge mo\u017ee se pode\u0161avati prilo\u017eenim alatom od aluminijskog bloka kako bi se kompenzirale promjene te\u017eine, \u010dime se osigurava pravilna geometrija pri svakoj vo\u017enji. Amortizeri su tako\u0111er podesivi po duljini, \u0161to omogu\u0107uje podizanje ili spu\u0161tanje visine motocikla bez ugro\u017eavanja hoda ovjesa.  Nudimo vi\u0161e tvrdo\u0107a opruga za STX36 Blackline amortizere, \u0161to vam daje dodatne mogu\u0107nosti pode\u0161avanja za postizanje savr\u0161enih postavki za va\u0161 Triumph Thruxton.  TEHNI\u010cKI PODACI  Duljina: 392 +8\/-2 mm Tvrdo\u0107a opruge N\/mm: 16\u201326 N\/mm Ugra\u0111ena opruga: 66383-03 Pakiranje: par\" \/>\n<meta property=\"og:url\" content=\"https:\/\/rapidomotosport.hr\/it\/proizvod\/triumph-thruxton-1200-rs-ohlins-stx-36-blackline-shock-absorber-2019-2026\/\" \/>\n<meta property=\"og:site_name\" content=\"Rapido Motosport\" \/>\n<meta property=\"article:modified_time\" content=\"2026-05-09T19:43:21+00:00\" \/>\n<meta property=\"og:image\" content=\"https:\/\/rapidomotosport.hr\/wp-content\/uploads\/2026\/05\/arbo-2-17.png\" \/>\n\t<meta property=\"og:image:width\" content=\"2048\" \/>\n\t<meta property=\"og:image:height\" content=\"1536\" \/>\n\t<meta property=\"og:image:type\" content=\"image\/png\" \/>\n<meta name=\"twitter:card\" content=\"summary_large_image\" \/>\n<meta name=\"twitter:label1\" content=\"Tempo di lettura stimato\" \/>\n\t<meta name=\"twitter:data1\" content=\"1 minuto\" \/>\n<script type=\"application\/ld+json\" class=\"yoast-schema-graph\">{\"@context\":\"https:\\\/\\\/schema.org\",\"@graph\":[{\"@type\":\"WebPage\",\"@id\":\"https:\\\/\\\/rapidomotosport.hr\\\/it\\\/proizvod\\\/triumph-thruxton-1200-rs-ohlins-stx-36-blackline-shock-absorber-2019-2026\\\/\",\"url\":\"https:\\\/\\\/rapidomotosport.hr\\\/it\\\/proizvod\\\/triumph-thruxton-1200-rs-ohlins-stx-36-blackline-shock-absorber-2019-2026\\\/\",\"name\":\"TRIUMPH THRUXTON 1200 RS \u00d6HLINS STX 36 BLACKLINE SHOCK ABSORBER 2019-2026 - Rapido Motosport\",\"isPartOf\":{\"@id\":\"https:\\\/\\\/rapidomotosport.hr\\\/it\\\/#website\"},\"primaryImageOfPage\":{\"@id\":\"https:\\\/\\\/rapidomotosport.hr\\\/it\\\/proizvod\\\/triumph-thruxton-1200-rs-ohlins-stx-36-blackline-shock-absorber-2019-2026\\\/#primaryimage\"},\"image\":{\"@id\":\"https:\\\/\\\/rapidomotosport.hr\\\/it\\\/proizvod\\\/triumph-thruxton-1200-rs-ohlins-stx-36-blackline-shock-absorber-2019-2026\\\/#primaryimage\"},\"thumbnailUrl\":\"https:\\\/\\\/rapidomotosport.hr\\\/wp-content\\\/uploads\\\/2026\\\/05\\\/arbo-2-17.png\",\"datePublished\":\"2026-05-09T19:43:08+00:00\",\"dateModified\":\"2026-05-09T19:43:21+00:00\",\"breadcrumb\":{\"@id\":\"https:\\\/\\\/rapidomotosport.hr\\\/it\\\/proizvod\\\/triumph-thruxton-1200-rs-ohlins-stx-36-blackline-shock-absorber-2019-2026\\\/#breadcrumb\"},\"inLanguage\":\"it-IT\",\"potentialAction\":[{\"@type\":\"ReadAction\",\"target\":[\"https:\\\/\\\/rapidomotosport.hr\\\/it\\\/proizvod\\\/triumph-thruxton-1200-rs-ohlins-stx-36-blackline-shock-absorber-2019-2026\\\/\"]}]},{\"@type\":\"ImageObject\",\"inLanguage\":\"it-IT\",\"@id\":\"https:\\\/\\\/rapidomotosport.hr\\\/it\\\/proizvod\\\/triumph-thruxton-1200-rs-ohlins-stx-36-blackline-shock-absorber-2019-2026\\\/#primaryimage\",\"url\":\"https:\\\/\\\/rapidomotosport.hr\\\/wp-content\\\/uploads\\\/2026\\\/05\\\/arbo-2-17.png\",\"contentUrl\":\"https:\\\/\\\/rapidomotosport.hr\\\/wp-content\\\/uploads\\\/2026\\\/05\\\/arbo-2-17.png\",\"width\":2048,\"height\":1536},{\"@type\":\"BreadcrumbList\",\"@id\":\"https:\\\/\\\/rapidomotosport.hr\\\/it\\\/proizvod\\\/triumph-thruxton-1200-rs-ohlins-stx-36-blackline-shock-absorber-2019-2026\\\/#breadcrumb\",\"itemListElement\":[{\"@type\":\"ListItem\",\"position\":1,\"name\":\"Po\u010detna stranica\",\"item\":\"https:\\\/\\\/rapidomotosport.hr\\\/it\\\/\"},{\"@type\":\"ListItem\",\"position\":2,\"name\":\"Negozio\",\"item\":\"https:\\\/\\\/rapidomotosport.hr\\\/it\\\/negozio\\\/\"},{\"@type\":\"ListItem\",\"position\":3,\"name\":\"TRIUMPH THRUXTON 1200 RS \u00d6HLINS STX 36 BLACKLINE SHOCK ABSORBER 2019-2026\"}]},{\"@type\":\"WebSite\",\"@id\":\"https:\\\/\\\/rapidomotosport.hr\\\/it\\\/#website\",\"url\":\"https:\\\/\\\/rapidomotosport.hr\\\/it\\\/\",\"name\":\"Rapido Motosport\",\"description\":\"\",\"potentialAction\":[{\"@type\":\"SearchAction\",\"target\":{\"@type\":\"EntryPoint\",\"urlTemplate\":\"https:\\\/\\\/rapidomotosport.hr\\\/it\\\/?s={search_term_string}\"},\"query-input\":{\"@type\":\"PropertyValueSpecification\",\"valueRequired\":true,\"valueName\":\"search_term_string\"}}],\"inLanguage\":\"it-IT\"}]}<\/script>\n<!-- \/ Yoast SEO plugin. -->","yoast_head_json":{"title":"TRIUMPH THRUXTON 1200 RS \u00d6HLINS STX 36 BLACKLINE SHOCK ABSORBER 2019-2026 - Rapido Motosport","robots":{"index":"index","follow":"follow","max-snippet":"max-snippet:-1","max-image-preview":"max-image-preview:large","max-video-preview":"max-video-preview:-1"},"canonical":"https:\/\/rapidomotosport.hr\/it\/proizvod\/triumph-thruxton-1200-rs-ohlins-stx-36-blackline-shock-absorber-2019-2026\/","og_locale":"it_IT","og_type":"article","og_title":"TRIUMPH THRUXTON 1200 RS \u00d6HLINS STX 36 BLACKLINE SHOCK ABSORBER 2019-2026 - Rapido Motosport","og_description":"Ne dopustite da vas elegantan vanjski izgled zavara \u2014 na\u0161i STX36 Twin Blackline amortizeri ispunjeni su \u00d6hlinsovom prepoznatljivom kvalitetom i performansama prigu\u0161enja. S velikim izborom tvrdo\u0107a opruga te prilagodljivim postavkama prigu\u0161enja i prednaprezanja, mo\u017eete fino podesiti amortizere prema svom jedinstvenom stilu vo\u017enje. Od opu\u0161tene vo\u017enje planinskim cestama do vo\u017enje punim gasom, STX36 Blackline Twin amortizeri namijenjeni su voza\u010dima koji zahtijevaju najbolje u kvaliteti vo\u017enje i performansama.  Ovi STX36 Blackline twin amortizeri za Triumph Thruxton (2015.\u20132019.) su amortizeri emulzijskog tipa, koji koriste \u00d6hlinsov provjereni monotube dizajn i visokotla\u010dni sustav prigu\u0161enja punjen du\u0161ikom.  Podesivo prigu\u0161enje povrata omogu\u0107uje prilagodbu amortizera va\u0161im voza\u010dkim preferencijama. Prednaprezanje opruge mo\u017ee se pode\u0161avati prilo\u017eenim alatom od aluminijskog bloka kako bi se kompenzirale promjene te\u017eine, \u010dime se osigurava pravilna geometrija pri svakoj vo\u017enji. Amortizeri su tako\u0111er podesivi po duljini, \u0161to omogu\u0107uje podizanje ili spu\u0161tanje visine motocikla bez ugro\u017eavanja hoda ovjesa.  Nudimo vi\u0161e tvrdo\u0107a opruga za STX36 Blackline amortizere, \u0161to vam daje dodatne mogu\u0107nosti pode\u0161avanja za postizanje savr\u0161enih postavki za va\u0161 Triumph Thruxton.  TEHNI\u010cKI PODACI  Duljina: 392 +8\/-2 mm Tvrdo\u0107a opruge N\/mm: 16\u201326 N\/mm Ugra\u0111ena opruga: 66383-03 Pakiranje: par","og_url":"https:\/\/rapidomotosport.hr\/it\/proizvod\/triumph-thruxton-1200-rs-ohlins-stx-36-blackline-shock-absorber-2019-2026\/","og_site_name":"Rapido Motosport","article_modified_time":"2026-05-09T19:43:21+00:00","og_image":[{"width":2048,"height":1536,"url":"https:\/\/rapidomotosport.hr\/wp-content\/uploads\/2026\/05\/arbo-2-17.png","type":"image\/png"}],"twitter_card":"summary_large_image","twitter_misc":{"Tempo di lettura stimato":"1 minuto"},"schema":{"@context":"https:\/\/schema.org","@graph":[{"@type":"WebPage","@id":"https:\/\/rapidomotosport.hr\/it\/proizvod\/triumph-thruxton-1200-rs-ohlins-stx-36-blackline-shock-absorber-2019-2026\/","url":"https:\/\/rapidomotosport.hr\/it\/proizvod\/triumph-thruxton-1200-rs-ohlins-stx-36-blackline-shock-absorber-2019-2026\/","name":"TRIUMPH THRUXTON 1200 RS \u00d6HLINS STX 36 BLACKLINE SHOCK ABSORBER 2019-2026 - Rapido Motosport","isPartOf":{"@id":"https:\/\/rapidomotosport.hr\/it\/#website"},"primaryImageOfPage":{"@id":"https:\/\/rapidomotosport.hr\/it\/proizvod\/triumph-thruxton-1200-rs-ohlins-stx-36-blackline-shock-absorber-2019-2026\/#primaryimage"},"image":{"@id":"https:\/\/rapidomotosport.hr\/it\/proizvod\/triumph-thruxton-1200-rs-ohlins-stx-36-blackline-shock-absorber-2019-2026\/#primaryimage"},"thumbnailUrl":"https:\/\/rapidomotosport.hr\/wp-content\/uploads\/2026\/05\/arbo-2-17.png","datePublished":"2026-05-09T19:43:08+00:00","dateModified":"2026-05-09T19:43:21+00:00","breadcrumb":{"@id":"https:\/\/rapidomotosport.hr\/it\/proizvod\/triumph-thruxton-1200-rs-ohlins-stx-36-blackline-shock-absorber-2019-2026\/#breadcrumb"},"inLanguage":"it-IT","potentialAction":[{"@type":"ReadAction","target":["https:\/\/rapidomotosport.hr\/it\/proizvod\/triumph-thruxton-1200-rs-ohlins-stx-36-blackline-shock-absorber-2019-2026\/"]}]},{"@type":"ImageObject","inLanguage":"it-IT","@id":"https:\/\/rapidomotosport.hr\/it\/proizvod\/triumph-thruxton-1200-rs-ohlins-stx-36-blackline-shock-absorber-2019-2026\/#primaryimage","url":"https:\/\/rapidomotosport.hr\/wp-content\/uploads\/2026\/05\/arbo-2-17.png","contentUrl":"https:\/\/rapidomotosport.hr\/wp-content\/uploads\/2026\/05\/arbo-2-17.png","width":2048,"height":1536},{"@type":"BreadcrumbList","@id":"https:\/\/rapidomotosport.hr\/it\/proizvod\/triumph-thruxton-1200-rs-ohlins-stx-36-blackline-shock-absorber-2019-2026\/#breadcrumb","itemListElement":[{"@type":"ListItem","position":1,"name":"Po\u010detna stranica","item":"https:\/\/rapidomotosport.hr\/it\/"},{"@type":"ListItem","position":2,"name":"Negozio","item":"https:\/\/rapidomotosport.hr\/it\/negozio\/"},{"@type":"ListItem","position":3,"name":"TRIUMPH THRUXTON 1200 RS \u00d6HLINS STX 36 BLACKLINE SHOCK ABSORBER 2019-2026"}]},{"@type":"WebSite","@id":"https:\/\/rapidomotosport.hr\/it\/#website","url":"https:\/\/rapidomotosport.hr\/it\/","name":"Rapido Motosport","description":"","potentialAction":[{"@type":"SearchAction","target":{"@type":"EntryPoint","urlTemplate":"https:\/\/rapidomotosport.hr\/it\/?s={search_term_string}"},"query-input":{"@type":"PropertyValueSpecification","valueRequired":true,"valueName":"search_term_string"}}],"inLanguage":"it-IT"}]}},"_links":{"self":[{"href":"https:\/\/rapidomotosport.hr\/it\/wp-json\/wp\/v2\/product\/55393","targetHints":{"allow":["GET"]}}],"collection":[{"href":"https:\/\/rapidomotosport.hr\/it\/wp-json\/wp\/v2\/product"}],"about":[{"href":"https:\/\/rapidomotosport.hr\/it\/wp-json\/wp\/v2\/types\/product"}],"wp:featuredmedia":[{"embeddable":true,"href":"https:\/\/rapidomotosport.hr\/it\/wp-json\/wp\/v2\/media\/55372"}],"wp:attachment":[{"href":"https:\/\/rapidomotosport.hr\/it\/wp-json\/wp\/v2\/media?parent=55393"}],"wp:term":[{"taxonomy":"product_brand","embeddable":true,"href":"https:\/\/rapidomotosport.hr\/it\/wp-json\/wp\/v2\/product_brand?post=55393"},{"taxonomy":"product_cat","embeddable":true,"href":"https:\/\/rapidomotosport.hr\/it\/wp-json\/wp\/v2\/product_cat?post=55393"},{"taxonomy":"product_tag","embeddable":true,"href":"https:\/\/rapidomotosport.hr\/it\/wp-json\/wp\/v2\/product_tag?post=55393"}],"curies":[{"name":"wp","href":"https:\/\/api.w.org\/{rel}","templated":true}]}}