{"id":55544,"date":"2026-05-11T21:04:22","date_gmt":"2026-05-11T19:04:22","guid":{"rendered":"https:\/\/rapidomotosport.hr\/?post_type=product&#038;p=55544"},"modified":"2026-05-11T21:19:38","modified_gmt":"2026-05-11T19:19:38","slug":"yamaha-x-max-300-ohlins-stx-36-scooter-shock-absorber-2017-2025","status":"publish","type":"product","link":"https:\/\/rapidomotosport.hr\/it\/proizvod\/yamaha-x-max-300-ohlins-stx-36-scooter-shock-absorber-2017-2025\/","title":{"rendered":"YAMAHA X-MAX 300 \u00d6HLINS STX 36 SCOOTER SHOCK ABSORBER 2017-2025"},"content":{"rendered":"","protected":false},"excerpt":{"rendered":"<p>Dostupan kao nadogradnja performansi za odabrane modele skutera, \u00d6hlins STX 36 Scooter amortizer postavlja novi standard kvalitete, performansi i izdr\u017eljivosti. Sa svojim klasi\u010dnim monotube dizajnom i provjerenom STX tehnologijom, STX 36 Scooter pobolj\u0161ava izgled va\u0161eg skutera te pru\u017ea gla\u0111u, kontroliraniju i ugodniju vo\u017enju \u2013 bilo da se vozite gradskim ulicama ili putujete na posao.<\/p>\n<p>Temeljeni na \u00d6hlins STX tehnologiji, amortizeri su dizajnirani za pobolj\u0161anje performansi i udobnosti vo\u017enje u svim uvjetima. Koriste visokotla\u010dni monotube dizajn punjen du\u0161ikom te vanjske piggyback spremnike. Ova konfiguracija osigurava dosljedne i pouzdane karakteristike prigu\u0161enja bez obzira na uvjete vo\u017enje.<\/p>\n<p>Podesivo prigu\u0161enje povrata i kompresije omogu\u0107uje fino pode\u0161avanje pona\u0161anja amortizera prema va\u0161em stilu vo\u017enje. Podesivo prednaprezanje opruge omogu\u0107uje prilagodbu promjenama optere\u0107enja, \u010dime se odr\u017eava pravilna geometrija upravljanja.<\/p>\n<p>Nadogradnjom va\u0161eg Yamaha X-Max skutera STX36 Twin amortizerima dobivate vi\u0161u razinu preciznosti, prianjanja, stabilnosti i udobnosti na cesti.<\/p>\n<p>TEHNI\u010cKI PODACI<\/p>\n<p>Duljina: 348 mm<br \/>\nHod: 97 mm<br \/>\nTvrdo\u0107a opruge N\/mm: 12\u201316 N\/mm<br \/>\nPozicija: stra\u017enja<br \/>\nUgra\u0111ena opruga: 66381-02<br \/>\nPreporu\u010deno ulje: 01309-XX<br \/>\nPakiranje: par<\/p>\n","protected":false},"featured_media":55494,"template":"","meta":[],"product_brand":[],"product_cat":[1254],"product_tag":[],"class_list":{"0":"post-55544","1":"product","2":"type-product","3":"status-publish","4":"has-post-thumbnail","6":"product_cat-ohlins","8":"first","9":"instock","10":"sale","11":"shipping-taxable","12":"purchasable","13":"product-type-simple"},"yoast_head":"<!-- This site is optimized with the Yoast SEO plugin v27.5 - https:\/\/yoast.com\/product\/yoast-seo-wordpress\/ -->\n<title>YAMAHA X-MAX 300 \u00d6HLINS STX 36 SCOOTER SHOCK ABSORBER 2017-2025 - Rapido Motosport<\/title>\n<meta name=\"robots\" content=\"index, follow, max-snippet:-1, max-image-preview:large, max-video-preview:-1\" \/>\n<link rel=\"canonical\" href=\"https:\/\/rapidomotosport.hr\/it\/proizvod\/yamaha-x-max-300-ohlins-stx-36-scooter-shock-absorber-2017-2025\/\" \/>\n<meta property=\"og:locale\" content=\"it_IT\" \/>\n<meta property=\"og:type\" content=\"article\" \/>\n<meta property=\"og:title\" content=\"YAMAHA X-MAX 300 \u00d6HLINS STX 36 SCOOTER SHOCK ABSORBER 2017-2025 - Rapido Motosport\" \/>\n<meta property=\"og:description\" content=\"Dostupan kao nadogradnja performansi za odabrane modele skutera, \u00d6hlins STX 36 Scooter amortizer postavlja novi standard kvalitete, performansi i izdr\u017eljivosti. Sa svojim klasi\u010dnim monotube dizajnom i provjerenom STX tehnologijom, STX 36 Scooter pobolj\u0161ava izgled va\u0161eg skutera te pru\u017ea gla\u0111u, kontroliraniju i ugodniju vo\u017enju \u2013 bilo da se vozite gradskim ulicama ili putujete na posao.  Temeljeni na \u00d6hlins STX tehnologiji, amortizeri su dizajnirani za pobolj\u0161anje performansi i udobnosti vo\u017enje u svim uvjetima. Koriste visokotla\u010dni monotube dizajn punjen du\u0161ikom te vanjske piggyback spremnike. Ova konfiguracija osigurava dosljedne i pouzdane karakteristike prigu\u0161enja bez obzira na uvjete vo\u017enje.  Podesivo prigu\u0161enje povrata i kompresije omogu\u0107uje fino pode\u0161avanje pona\u0161anja amortizera prema va\u0161em stilu vo\u017enje. Podesivo prednaprezanje opruge omogu\u0107uje prilagodbu promjenama optere\u0107enja, \u010dime se odr\u017eava pravilna geometrija upravljanja.  Nadogradnjom va\u0161eg Yamaha X-Max skutera STX36 Twin amortizerima dobivate vi\u0161u razinu preciznosti, prianjanja, stabilnosti i udobnosti na cesti.  TEHNI\u010cKI PODACI  Duljina: 348 mm Hod: 97 mm Tvrdo\u0107a opruge N\/mm: 12\u201316 N\/mm Pozicija: stra\u017enja Ugra\u0111ena opruga: 66381-02 Preporu\u010deno ulje: 01309-XX Pakiranje: par\" \/>\n<meta property=\"og:url\" content=\"https:\/\/rapidomotosport.hr\/it\/proizvod\/yamaha-x-max-300-ohlins-stx-36-scooter-shock-absorber-2017-2025\/\" \/>\n<meta property=\"og:site_name\" content=\"Rapido Motosport\" \/>\n<meta property=\"article:modified_time\" content=\"2026-05-11T19:19:38+00:00\" \/>\n<meta property=\"og:image\" content=\"https:\/\/rapidomotosport.hr\/wp-content\/uploads\/2026\/05\/arbo-2-27.png\" \/>\n\t<meta property=\"og:image:width\" content=\"2048\" \/>\n\t<meta property=\"og:image:height\" content=\"1536\" \/>\n\t<meta property=\"og:image:type\" content=\"image\/png\" \/>\n<meta name=\"twitter:card\" content=\"summary_large_image\" \/>\n<meta name=\"twitter:label1\" content=\"Tempo di lettura stimato\" \/>\n\t<meta name=\"twitter:data1\" content=\"1 minuto\" \/>\n<script type=\"application\/ld+json\" class=\"yoast-schema-graph\">{\"@context\":\"https:\\\/\\\/schema.org\",\"@graph\":[{\"@type\":\"WebPage\",\"@id\":\"https:\\\/\\\/rapidomotosport.hr\\\/it\\\/proizvod\\\/yamaha-x-max-300-ohlins-stx-36-scooter-shock-absorber-2017-2025\\\/\",\"url\":\"https:\\\/\\\/rapidomotosport.hr\\\/it\\\/proizvod\\\/yamaha-x-max-300-ohlins-stx-36-scooter-shock-absorber-2017-2025\\\/\",\"name\":\"YAMAHA X-MAX 300 \u00d6HLINS STX 36 SCOOTER SHOCK ABSORBER 2017-2025 - Rapido Motosport\",\"isPartOf\":{\"@id\":\"https:\\\/\\\/rapidomotosport.hr\\\/it\\\/#website\"},\"primaryImageOfPage\":{\"@id\":\"https:\\\/\\\/rapidomotosport.hr\\\/it\\\/proizvod\\\/yamaha-x-max-300-ohlins-stx-36-scooter-shock-absorber-2017-2025\\\/#primaryimage\"},\"image\":{\"@id\":\"https:\\\/\\\/rapidomotosport.hr\\\/it\\\/proizvod\\\/yamaha-x-max-300-ohlins-stx-36-scooter-shock-absorber-2017-2025\\\/#primaryimage\"},\"thumbnailUrl\":\"https:\\\/\\\/rapidomotosport.hr\\\/wp-content\\\/uploads\\\/2026\\\/05\\\/arbo-2-27.png\",\"datePublished\":\"2026-05-11T19:04:22+00:00\",\"dateModified\":\"2026-05-11T19:19:38+00:00\",\"breadcrumb\":{\"@id\":\"https:\\\/\\\/rapidomotosport.hr\\\/it\\\/proizvod\\\/yamaha-x-max-300-ohlins-stx-36-scooter-shock-absorber-2017-2025\\\/#breadcrumb\"},\"inLanguage\":\"it-IT\",\"potentialAction\":[{\"@type\":\"ReadAction\",\"target\":[\"https:\\\/\\\/rapidomotosport.hr\\\/it\\\/proizvod\\\/yamaha-x-max-300-ohlins-stx-36-scooter-shock-absorber-2017-2025\\\/\"]}]},{\"@type\":\"ImageObject\",\"inLanguage\":\"it-IT\",\"@id\":\"https:\\\/\\\/rapidomotosport.hr\\\/it\\\/proizvod\\\/yamaha-x-max-300-ohlins-stx-36-scooter-shock-absorber-2017-2025\\\/#primaryimage\",\"url\":\"https:\\\/\\\/rapidomotosport.hr\\\/wp-content\\\/uploads\\\/2026\\\/05\\\/arbo-2-27.png\",\"contentUrl\":\"https:\\\/\\\/rapidomotosport.hr\\\/wp-content\\\/uploads\\\/2026\\\/05\\\/arbo-2-27.png\",\"width\":2048,\"height\":1536},{\"@type\":\"BreadcrumbList\",\"@id\":\"https:\\\/\\\/rapidomotosport.hr\\\/it\\\/proizvod\\\/yamaha-x-max-300-ohlins-stx-36-scooter-shock-absorber-2017-2025\\\/#breadcrumb\",\"itemListElement\":[{\"@type\":\"ListItem\",\"position\":1,\"name\":\"Po\u010detna stranica\",\"item\":\"https:\\\/\\\/rapidomotosport.hr\\\/it\\\/\"},{\"@type\":\"ListItem\",\"position\":2,\"name\":\"Negozio\",\"item\":\"https:\\\/\\\/rapidomotosport.hr\\\/it\\\/negozio\\\/\"},{\"@type\":\"ListItem\",\"position\":3,\"name\":\"YAMAHA X-MAX 300 \u00d6HLINS STX 36 SCOOTER SHOCK ABSORBER 2017-2025\"}]},{\"@type\":\"WebSite\",\"@id\":\"https:\\\/\\\/rapidomotosport.hr\\\/it\\\/#website\",\"url\":\"https:\\\/\\\/rapidomotosport.hr\\\/it\\\/\",\"name\":\"Rapido Motosport\",\"description\":\"\",\"potentialAction\":[{\"@type\":\"SearchAction\",\"target\":{\"@type\":\"EntryPoint\",\"urlTemplate\":\"https:\\\/\\\/rapidomotosport.hr\\\/it\\\/?s={search_term_string}\"},\"query-input\":{\"@type\":\"PropertyValueSpecification\",\"valueRequired\":true,\"valueName\":\"search_term_string\"}}],\"inLanguage\":\"it-IT\"}]}<\/script>\n<!-- \/ Yoast SEO plugin. -->","yoast_head_json":{"title":"YAMAHA X-MAX 300 \u00d6HLINS STX 36 SCOOTER SHOCK ABSORBER 2017-2025 - Rapido Motosport","robots":{"index":"index","follow":"follow","max-snippet":"max-snippet:-1","max-image-preview":"max-image-preview:large","max-video-preview":"max-video-preview:-1"},"canonical":"https:\/\/rapidomotosport.hr\/it\/proizvod\/yamaha-x-max-300-ohlins-stx-36-scooter-shock-absorber-2017-2025\/","og_locale":"it_IT","og_type":"article","og_title":"YAMAHA X-MAX 300 \u00d6HLINS STX 36 SCOOTER SHOCK ABSORBER 2017-2025 - Rapido Motosport","og_description":"Dostupan kao nadogradnja performansi za odabrane modele skutera, \u00d6hlins STX 36 Scooter amortizer postavlja novi standard kvalitete, performansi i izdr\u017eljivosti. Sa svojim klasi\u010dnim monotube dizajnom i provjerenom STX tehnologijom, STX 36 Scooter pobolj\u0161ava izgled va\u0161eg skutera te pru\u017ea gla\u0111u, kontroliraniju i ugodniju vo\u017enju \u2013 bilo da se vozite gradskim ulicama ili putujete na posao.  Temeljeni na \u00d6hlins STX tehnologiji, amortizeri su dizajnirani za pobolj\u0161anje performansi i udobnosti vo\u017enje u svim uvjetima. Koriste visokotla\u010dni monotube dizajn punjen du\u0161ikom te vanjske piggyback spremnike. Ova konfiguracija osigurava dosljedne i pouzdane karakteristike prigu\u0161enja bez obzira na uvjete vo\u017enje.  Podesivo prigu\u0161enje povrata i kompresije omogu\u0107uje fino pode\u0161avanje pona\u0161anja amortizera prema va\u0161em stilu vo\u017enje. Podesivo prednaprezanje opruge omogu\u0107uje prilagodbu promjenama optere\u0107enja, \u010dime se odr\u017eava pravilna geometrija upravljanja.  Nadogradnjom va\u0161eg Yamaha X-Max skutera STX36 Twin amortizerima dobivate vi\u0161u razinu preciznosti, prianjanja, stabilnosti i udobnosti na cesti.  TEHNI\u010cKI PODACI  Duljina: 348 mm Hod: 97 mm Tvrdo\u0107a opruge N\/mm: 12\u201316 N\/mm Pozicija: stra\u017enja Ugra\u0111ena opruga: 66381-02 Preporu\u010deno ulje: 01309-XX Pakiranje: par","og_url":"https:\/\/rapidomotosport.hr\/it\/proizvod\/yamaha-x-max-300-ohlins-stx-36-scooter-shock-absorber-2017-2025\/","og_site_name":"Rapido Motosport","article_modified_time":"2026-05-11T19:19:38+00:00","og_image":[{"width":2048,"height":1536,"url":"https:\/\/rapidomotosport.hr\/wp-content\/uploads\/2026\/05\/arbo-2-27.png","type":"image\/png"}],"twitter_card":"summary_large_image","twitter_misc":{"Tempo di lettura stimato":"1 minuto"},"schema":{"@context":"https:\/\/schema.org","@graph":[{"@type":"WebPage","@id":"https:\/\/rapidomotosport.hr\/it\/proizvod\/yamaha-x-max-300-ohlins-stx-36-scooter-shock-absorber-2017-2025\/","url":"https:\/\/rapidomotosport.hr\/it\/proizvod\/yamaha-x-max-300-ohlins-stx-36-scooter-shock-absorber-2017-2025\/","name":"YAMAHA X-MAX 300 \u00d6HLINS STX 36 SCOOTER SHOCK ABSORBER 2017-2025 - Rapido Motosport","isPartOf":{"@id":"https:\/\/rapidomotosport.hr\/it\/#website"},"primaryImageOfPage":{"@id":"https:\/\/rapidomotosport.hr\/it\/proizvod\/yamaha-x-max-300-ohlins-stx-36-scooter-shock-absorber-2017-2025\/#primaryimage"},"image":{"@id":"https:\/\/rapidomotosport.hr\/it\/proizvod\/yamaha-x-max-300-ohlins-stx-36-scooter-shock-absorber-2017-2025\/#primaryimage"},"thumbnailUrl":"https:\/\/rapidomotosport.hr\/wp-content\/uploads\/2026\/05\/arbo-2-27.png","datePublished":"2026-05-11T19:04:22+00:00","dateModified":"2026-05-11T19:19:38+00:00","breadcrumb":{"@id":"https:\/\/rapidomotosport.hr\/it\/proizvod\/yamaha-x-max-300-ohlins-stx-36-scooter-shock-absorber-2017-2025\/#breadcrumb"},"inLanguage":"it-IT","potentialAction":[{"@type":"ReadAction","target":["https:\/\/rapidomotosport.hr\/it\/proizvod\/yamaha-x-max-300-ohlins-stx-36-scooter-shock-absorber-2017-2025\/"]}]},{"@type":"ImageObject","inLanguage":"it-IT","@id":"https:\/\/rapidomotosport.hr\/it\/proizvod\/yamaha-x-max-300-ohlins-stx-36-scooter-shock-absorber-2017-2025\/#primaryimage","url":"https:\/\/rapidomotosport.hr\/wp-content\/uploads\/2026\/05\/arbo-2-27.png","contentUrl":"https:\/\/rapidomotosport.hr\/wp-content\/uploads\/2026\/05\/arbo-2-27.png","width":2048,"height":1536},{"@type":"BreadcrumbList","@id":"https:\/\/rapidomotosport.hr\/it\/proizvod\/yamaha-x-max-300-ohlins-stx-36-scooter-shock-absorber-2017-2025\/#breadcrumb","itemListElement":[{"@type":"ListItem","position":1,"name":"Po\u010detna stranica","item":"https:\/\/rapidomotosport.hr\/it\/"},{"@type":"ListItem","position":2,"name":"Negozio","item":"https:\/\/rapidomotosport.hr\/it\/negozio\/"},{"@type":"ListItem","position":3,"name":"YAMAHA X-MAX 300 \u00d6HLINS STX 36 SCOOTER SHOCK ABSORBER 2017-2025"}]},{"@type":"WebSite","@id":"https:\/\/rapidomotosport.hr\/it\/#website","url":"https:\/\/rapidomotosport.hr\/it\/","name":"Rapido Motosport","description":"","potentialAction":[{"@type":"SearchAction","target":{"@type":"EntryPoint","urlTemplate":"https:\/\/rapidomotosport.hr\/it\/?s={search_term_string}"},"query-input":{"@type":"PropertyValueSpecification","valueRequired":true,"valueName":"search_term_string"}}],"inLanguage":"it-IT"}]}},"_links":{"self":[{"href":"https:\/\/rapidomotosport.hr\/it\/wp-json\/wp\/v2\/product\/55544","targetHints":{"allow":["GET"]}}],"collection":[{"href":"https:\/\/rapidomotosport.hr\/it\/wp-json\/wp\/v2\/product"}],"about":[{"href":"https:\/\/rapidomotosport.hr\/it\/wp-json\/wp\/v2\/types\/product"}],"wp:featuredmedia":[{"embeddable":true,"href":"https:\/\/rapidomotosport.hr\/it\/wp-json\/wp\/v2\/media\/55494"}],"wp:attachment":[{"href":"https:\/\/rapidomotosport.hr\/it\/wp-json\/wp\/v2\/media?parent=55544"}],"wp:term":[{"taxonomy":"product_brand","embeddable":true,"href":"https:\/\/rapidomotosport.hr\/it\/wp-json\/wp\/v2\/product_brand?post=55544"},{"taxonomy":"product_cat","embeddable":true,"href":"https:\/\/rapidomotosport.hr\/it\/wp-json\/wp\/v2\/product_cat?post=55544"},{"taxonomy":"product_tag","embeddable":true,"href":"https:\/\/rapidomotosport.hr\/it\/wp-json\/wp\/v2\/product_tag?post=55544"}],"curies":[{"name":"wp","href":"https:\/\/api.w.org\/{rel}","templated":true}]}}