{"id":55563,"date":"2026-05-11T21:57:23","date_gmt":"2026-05-11T19:57:23","guid":{"rendered":"https:\/\/rapidomotosport.hr\/?post_type=product&#038;p=55563"},"modified":"2026-05-11T21:57:38","modified_gmt":"2026-05-11T19:57:38","slug":"yamaha-xjr-400-ohlins-stx-36-twin-shock-absorber-1991-2000","status":"publish","type":"product","link":"https:\/\/rapidomotosport.hr\/it\/proizvod\/yamaha-xjr-400-ohlins-stx-36-twin-shock-absorber-1991-2000\/","title":{"rendered":"YAMAHA XJR 400 \u00d6HLINS STX 36 TWIN SHOCK ABSORBER 1991-2000"},"content":{"rendered":"","protected":false},"excerpt":{"rendered":"<p data-start=\"0\" data-end=\"278\">\u00d6hlins STX36 Street Performance postavlja standard u performansama, udobnosti i izdr\u017eljivosti. Razvijen za \u0161irok raspon modela cestovnih motocikala, ovaj amortizer pru\u017ea dosljedne i pouzdane karakteristike prigu\u0161enja na cesti. U ponudi su mono i twin izvedbe, ovisno o primjeni.<\/p>\n<p data-start=\"280\" data-end=\"356\">Ovaj STX36 Street Performance amortizer posebno je izra\u0111en za Yamaha XJR400.<\/p>\n<p data-start=\"358\" data-end=\"653\">Temeljen na STX monotube dizajnu, amortizeri su opremljeni sustavom prigu\u0161enja s visokotla\u010dnim plinom i vanjskim piggyback spremnicima. Budu\u0107i da imaju ve\u0107i volumen ulja, piggyback spremnici poma\u017eu odr\u017eavati ni\u017eu temperaturu u ekstremnim uvjetima, \u0161to osigurava dosljedne performanse prigu\u0161enja.<\/p>\n<p data-start=\"655\" data-end=\"899\" data-is-last-node=\"\" data-is-only-node=\"\">Amortizer tako\u0111er ima podesivo prednaprezanje opruge, \u0161to omogu\u0107uje prilagodbe promjenama optere\u0107enja radi odr\u017eavanja pravilne geometrije upravljanja. Kod ovog modela prednaprezanje opruge pode\u0161ava se promjenom polo\u017eaja gornjeg sjedi\u0161ta opruge.<\/p>\n<p>TEHNI\u010cKI PODACI<\/p>\n<p>Duljina: 320,5 mm<br \/>\nHod: 83 mm<br \/>\nTvrdo\u0107a opruge N\/mm: progresivna 16\u201326 N\/mm<br \/>\nPozicija: stra\u017enja<br \/>\nUgra\u0111ena opruga: 00480-02<br \/>\nPakiranje: par<\/p>\n","protected":false},"featured_media":55546,"template":"","meta":[],"product_brand":[],"product_cat":[1254],"product_tag":[],"class_list":{"0":"post-55563","1":"product","2":"type-product","3":"status-publish","4":"has-post-thumbnail","6":"product_cat-ohlins","8":"first","9":"instock","10":"sale","11":"shipping-taxable","12":"purchasable","13":"product-type-simple"},"yoast_head":"<!-- This site is optimized with the Yoast SEO plugin v27.5 - https:\/\/yoast.com\/product\/yoast-seo-wordpress\/ -->\n<title>YAMAHA XJR 400 \u00d6HLINS STX 36 TWIN SHOCK ABSORBER 1991-2000 - Rapido Motosport<\/title>\n<meta name=\"robots\" content=\"index, follow, max-snippet:-1, max-image-preview:large, max-video-preview:-1\" \/>\n<link rel=\"canonical\" href=\"https:\/\/rapidomotosport.hr\/it\/proizvod\/yamaha-xjr-400-ohlins-stx-36-twin-shock-absorber-1991-2000\/\" \/>\n<meta property=\"og:locale\" content=\"it_IT\" \/>\n<meta property=\"og:type\" content=\"article\" \/>\n<meta property=\"og:title\" content=\"YAMAHA XJR 400 \u00d6HLINS STX 36 TWIN SHOCK ABSORBER 1991-2000 - Rapido Motosport\" \/>\n<meta property=\"og:description\" content=\"\u00d6hlins STX36 Street Performance postavlja standard u performansama, udobnosti i izdr\u017eljivosti. Razvijen za \u0161irok raspon modela cestovnih motocikala, ovaj amortizer pru\u017ea dosljedne i pouzdane karakteristike prigu\u0161enja na cesti. U ponudi su mono i twin izvedbe, ovisno o primjeni. Ovaj STX36 Street Performance amortizer posebno je izra\u0111en za Yamaha XJR400. Temeljen na STX monotube dizajnu, amortizeri su opremljeni sustavom prigu\u0161enja s visokotla\u010dnim plinom i vanjskim piggyback spremnicima. Budu\u0107i da imaju ve\u0107i volumen ulja, piggyback spremnici poma\u017eu odr\u017eavati ni\u017eu temperaturu u ekstremnim uvjetima, \u0161to osigurava dosljedne performanse prigu\u0161enja. Amortizer tako\u0111er ima podesivo prednaprezanje opruge, \u0161to omogu\u0107uje prilagodbe promjenama optere\u0107enja radi odr\u017eavanja pravilne geometrije upravljanja. Kod ovog modela prednaprezanje opruge pode\u0161ava se promjenom polo\u017eaja gornjeg sjedi\u0161ta opruge. TEHNI\u010cKI PODACI  Duljina: 320,5 mm Hod: 83 mm Tvrdo\u0107a opruge N\/mm: progresivna 16\u201326 N\/mm Pozicija: stra\u017enja Ugra\u0111ena opruga: 00480-02 Pakiranje: par\" \/>\n<meta property=\"og:url\" content=\"https:\/\/rapidomotosport.hr\/it\/proizvod\/yamaha-xjr-400-ohlins-stx-36-twin-shock-absorber-1991-2000\/\" \/>\n<meta property=\"og:site_name\" content=\"Rapido Motosport\" \/>\n<meta property=\"article:modified_time\" content=\"2026-05-11T19:57:38+00:00\" \/>\n<meta property=\"og:image\" content=\"https:\/\/rapidomotosport.hr\/wp-content\/uploads\/2026\/05\/arbo-2-31.png\" \/>\n\t<meta property=\"og:image:width\" content=\"2048\" \/>\n\t<meta property=\"og:image:height\" content=\"1536\" \/>\n\t<meta property=\"og:image:type\" content=\"image\/png\" \/>\n<meta name=\"twitter:card\" content=\"summary_large_image\" \/>\n<meta name=\"twitter:label1\" content=\"Tempo di lettura stimato\" \/>\n\t<meta name=\"twitter:data1\" content=\"1 minuto\" \/>\n<script type=\"application\/ld+json\" class=\"yoast-schema-graph\">{\"@context\":\"https:\\\/\\\/schema.org\",\"@graph\":[{\"@type\":\"WebPage\",\"@id\":\"https:\\\/\\\/rapidomotosport.hr\\\/it\\\/proizvod\\\/yamaha-xjr-400-ohlins-stx-36-twin-shock-absorber-1991-2000\\\/\",\"url\":\"https:\\\/\\\/rapidomotosport.hr\\\/it\\\/proizvod\\\/yamaha-xjr-400-ohlins-stx-36-twin-shock-absorber-1991-2000\\\/\",\"name\":\"YAMAHA XJR 400 \u00d6HLINS STX 36 TWIN SHOCK ABSORBER 1991-2000 - Rapido Motosport\",\"isPartOf\":{\"@id\":\"https:\\\/\\\/rapidomotosport.hr\\\/it\\\/#website\"},\"primaryImageOfPage\":{\"@id\":\"https:\\\/\\\/rapidomotosport.hr\\\/it\\\/proizvod\\\/yamaha-xjr-400-ohlins-stx-36-twin-shock-absorber-1991-2000\\\/#primaryimage\"},\"image\":{\"@id\":\"https:\\\/\\\/rapidomotosport.hr\\\/it\\\/proizvod\\\/yamaha-xjr-400-ohlins-stx-36-twin-shock-absorber-1991-2000\\\/#primaryimage\"},\"thumbnailUrl\":\"https:\\\/\\\/rapidomotosport.hr\\\/wp-content\\\/uploads\\\/2026\\\/05\\\/arbo-2-31.png\",\"datePublished\":\"2026-05-11T19:57:23+00:00\",\"dateModified\":\"2026-05-11T19:57:38+00:00\",\"breadcrumb\":{\"@id\":\"https:\\\/\\\/rapidomotosport.hr\\\/it\\\/proizvod\\\/yamaha-xjr-400-ohlins-stx-36-twin-shock-absorber-1991-2000\\\/#breadcrumb\"},\"inLanguage\":\"it-IT\",\"potentialAction\":[{\"@type\":\"ReadAction\",\"target\":[\"https:\\\/\\\/rapidomotosport.hr\\\/it\\\/proizvod\\\/yamaha-xjr-400-ohlins-stx-36-twin-shock-absorber-1991-2000\\\/\"]}]},{\"@type\":\"ImageObject\",\"inLanguage\":\"it-IT\",\"@id\":\"https:\\\/\\\/rapidomotosport.hr\\\/it\\\/proizvod\\\/yamaha-xjr-400-ohlins-stx-36-twin-shock-absorber-1991-2000\\\/#primaryimage\",\"url\":\"https:\\\/\\\/rapidomotosport.hr\\\/wp-content\\\/uploads\\\/2026\\\/05\\\/arbo-2-31.png\",\"contentUrl\":\"https:\\\/\\\/rapidomotosport.hr\\\/wp-content\\\/uploads\\\/2026\\\/05\\\/arbo-2-31.png\",\"width\":2048,\"height\":1536},{\"@type\":\"BreadcrumbList\",\"@id\":\"https:\\\/\\\/rapidomotosport.hr\\\/it\\\/proizvod\\\/yamaha-xjr-400-ohlins-stx-36-twin-shock-absorber-1991-2000\\\/#breadcrumb\",\"itemListElement\":[{\"@type\":\"ListItem\",\"position\":1,\"name\":\"Po\u010detna stranica\",\"item\":\"https:\\\/\\\/rapidomotosport.hr\\\/it\\\/\"},{\"@type\":\"ListItem\",\"position\":2,\"name\":\"Negozio\",\"item\":\"https:\\\/\\\/rapidomotosport.hr\\\/it\\\/negozio\\\/\"},{\"@type\":\"ListItem\",\"position\":3,\"name\":\"YAMAHA XJR 400 \u00d6HLINS STX 36 TWIN SHOCK ABSORBER 1991-2000\"}]},{\"@type\":\"WebSite\",\"@id\":\"https:\\\/\\\/rapidomotosport.hr\\\/it\\\/#website\",\"url\":\"https:\\\/\\\/rapidomotosport.hr\\\/it\\\/\",\"name\":\"Rapido Motosport\",\"description\":\"\",\"potentialAction\":[{\"@type\":\"SearchAction\",\"target\":{\"@type\":\"EntryPoint\",\"urlTemplate\":\"https:\\\/\\\/rapidomotosport.hr\\\/it\\\/?s={search_term_string}\"},\"query-input\":{\"@type\":\"PropertyValueSpecification\",\"valueRequired\":true,\"valueName\":\"search_term_string\"}}],\"inLanguage\":\"it-IT\"}]}<\/script>\n<!-- \/ Yoast SEO plugin. -->","yoast_head_json":{"title":"YAMAHA XJR 400 \u00d6HLINS STX 36 TWIN SHOCK ABSORBER 1991-2000 - Rapido Motosport","robots":{"index":"index","follow":"follow","max-snippet":"max-snippet:-1","max-image-preview":"max-image-preview:large","max-video-preview":"max-video-preview:-1"},"canonical":"https:\/\/rapidomotosport.hr\/it\/proizvod\/yamaha-xjr-400-ohlins-stx-36-twin-shock-absorber-1991-2000\/","og_locale":"it_IT","og_type":"article","og_title":"YAMAHA XJR 400 \u00d6HLINS STX 36 TWIN SHOCK ABSORBER 1991-2000 - Rapido Motosport","og_description":"\u00d6hlins STX36 Street Performance postavlja standard u performansama, udobnosti i izdr\u017eljivosti. Razvijen za \u0161irok raspon modela cestovnih motocikala, ovaj amortizer pru\u017ea dosljedne i pouzdane karakteristike prigu\u0161enja na cesti. U ponudi su mono i twin izvedbe, ovisno o primjeni. Ovaj STX36 Street Performance amortizer posebno je izra\u0111en za Yamaha XJR400. Temeljen na STX monotube dizajnu, amortizeri su opremljeni sustavom prigu\u0161enja s visokotla\u010dnim plinom i vanjskim piggyback spremnicima. Budu\u0107i da imaju ve\u0107i volumen ulja, piggyback spremnici poma\u017eu odr\u017eavati ni\u017eu temperaturu u ekstremnim uvjetima, \u0161to osigurava dosljedne performanse prigu\u0161enja. Amortizer tako\u0111er ima podesivo prednaprezanje opruge, \u0161to omogu\u0107uje prilagodbe promjenama optere\u0107enja radi odr\u017eavanja pravilne geometrije upravljanja. Kod ovog modela prednaprezanje opruge pode\u0161ava se promjenom polo\u017eaja gornjeg sjedi\u0161ta opruge. TEHNI\u010cKI PODACI  Duljina: 320,5 mm Hod: 83 mm Tvrdo\u0107a opruge N\/mm: progresivna 16\u201326 N\/mm Pozicija: stra\u017enja Ugra\u0111ena opruga: 00480-02 Pakiranje: par","og_url":"https:\/\/rapidomotosport.hr\/it\/proizvod\/yamaha-xjr-400-ohlins-stx-36-twin-shock-absorber-1991-2000\/","og_site_name":"Rapido Motosport","article_modified_time":"2026-05-11T19:57:38+00:00","og_image":[{"width":2048,"height":1536,"url":"https:\/\/rapidomotosport.hr\/wp-content\/uploads\/2026\/05\/arbo-2-31.png","type":"image\/png"}],"twitter_card":"summary_large_image","twitter_misc":{"Tempo di lettura stimato":"1 minuto"},"schema":{"@context":"https:\/\/schema.org","@graph":[{"@type":"WebPage","@id":"https:\/\/rapidomotosport.hr\/it\/proizvod\/yamaha-xjr-400-ohlins-stx-36-twin-shock-absorber-1991-2000\/","url":"https:\/\/rapidomotosport.hr\/it\/proizvod\/yamaha-xjr-400-ohlins-stx-36-twin-shock-absorber-1991-2000\/","name":"YAMAHA XJR 400 \u00d6HLINS STX 36 TWIN SHOCK ABSORBER 1991-2000 - Rapido Motosport","isPartOf":{"@id":"https:\/\/rapidomotosport.hr\/it\/#website"},"primaryImageOfPage":{"@id":"https:\/\/rapidomotosport.hr\/it\/proizvod\/yamaha-xjr-400-ohlins-stx-36-twin-shock-absorber-1991-2000\/#primaryimage"},"image":{"@id":"https:\/\/rapidomotosport.hr\/it\/proizvod\/yamaha-xjr-400-ohlins-stx-36-twin-shock-absorber-1991-2000\/#primaryimage"},"thumbnailUrl":"https:\/\/rapidomotosport.hr\/wp-content\/uploads\/2026\/05\/arbo-2-31.png","datePublished":"2026-05-11T19:57:23+00:00","dateModified":"2026-05-11T19:57:38+00:00","breadcrumb":{"@id":"https:\/\/rapidomotosport.hr\/it\/proizvod\/yamaha-xjr-400-ohlins-stx-36-twin-shock-absorber-1991-2000\/#breadcrumb"},"inLanguage":"it-IT","potentialAction":[{"@type":"ReadAction","target":["https:\/\/rapidomotosport.hr\/it\/proizvod\/yamaha-xjr-400-ohlins-stx-36-twin-shock-absorber-1991-2000\/"]}]},{"@type":"ImageObject","inLanguage":"it-IT","@id":"https:\/\/rapidomotosport.hr\/it\/proizvod\/yamaha-xjr-400-ohlins-stx-36-twin-shock-absorber-1991-2000\/#primaryimage","url":"https:\/\/rapidomotosport.hr\/wp-content\/uploads\/2026\/05\/arbo-2-31.png","contentUrl":"https:\/\/rapidomotosport.hr\/wp-content\/uploads\/2026\/05\/arbo-2-31.png","width":2048,"height":1536},{"@type":"BreadcrumbList","@id":"https:\/\/rapidomotosport.hr\/it\/proizvod\/yamaha-xjr-400-ohlins-stx-36-twin-shock-absorber-1991-2000\/#breadcrumb","itemListElement":[{"@type":"ListItem","position":1,"name":"Po\u010detna stranica","item":"https:\/\/rapidomotosport.hr\/it\/"},{"@type":"ListItem","position":2,"name":"Negozio","item":"https:\/\/rapidomotosport.hr\/it\/negozio\/"},{"@type":"ListItem","position":3,"name":"YAMAHA XJR 400 \u00d6HLINS STX 36 TWIN SHOCK ABSORBER 1991-2000"}]},{"@type":"WebSite","@id":"https:\/\/rapidomotosport.hr\/it\/#website","url":"https:\/\/rapidomotosport.hr\/it\/","name":"Rapido Motosport","description":"","potentialAction":[{"@type":"SearchAction","target":{"@type":"EntryPoint","urlTemplate":"https:\/\/rapidomotosport.hr\/it\/?s={search_term_string}"},"query-input":{"@type":"PropertyValueSpecification","valueRequired":true,"valueName":"search_term_string"}}],"inLanguage":"it-IT"}]}},"_links":{"self":[{"href":"https:\/\/rapidomotosport.hr\/it\/wp-json\/wp\/v2\/product\/55563","targetHints":{"allow":["GET"]}}],"collection":[{"href":"https:\/\/rapidomotosport.hr\/it\/wp-json\/wp\/v2\/product"}],"about":[{"href":"https:\/\/rapidomotosport.hr\/it\/wp-json\/wp\/v2\/types\/product"}],"wp:featuredmedia":[{"embeddable":true,"href":"https:\/\/rapidomotosport.hr\/it\/wp-json\/wp\/v2\/media\/55546"}],"wp:attachment":[{"href":"https:\/\/rapidomotosport.hr\/it\/wp-json\/wp\/v2\/media?parent=55563"}],"wp:term":[{"taxonomy":"product_brand","embeddable":true,"href":"https:\/\/rapidomotosport.hr\/it\/wp-json\/wp\/v2\/product_brand?post=55563"},{"taxonomy":"product_cat","embeddable":true,"href":"https:\/\/rapidomotosport.hr\/it\/wp-json\/wp\/v2\/product_cat?post=55563"},{"taxonomy":"product_tag","embeddable":true,"href":"https:\/\/rapidomotosport.hr\/it\/wp-json\/wp\/v2\/product_tag?post=55563"}],"curies":[{"name":"wp","href":"https:\/\/api.w.org\/{rel}","templated":true}]}}