{"id":55577,"date":"2026-05-12T19:27:55","date_gmt":"2026-05-12T17:27:55","guid":{"rendered":"https:\/\/rapidomotosport.hr\/?post_type=product&#038;p=55577"},"modified":"2026-05-12T19:30:19","modified_gmt":"2026-05-12T17:30:19","slug":"yamaha-xsr-900-ohlins-nix-30-street-cartridge-kit-2022-2023","status":"publish","type":"product","link":"https:\/\/rapidomotosport.hr\/it\/proizvod\/yamaha-xsr-900-ohlins-nix-30-street-cartridge-kit-2022-2023\/","title":{"rendered":"YAMAHA XSR 900 \u00d6HLINS NIX 30 STREET CARTRIDGE KIT 2022-2023"},"content":{"rendered":"","protected":false},"excerpt":{"rendered":"<p>Komplet ulo\u017eaka \u00d6hlins NIX 30 Street ima novo dizajnirane crne gornje \u010depove kako bi motociklu dao suptilniji izgled. \u201eNIX\u201d tehnologija razvijena je iz vrhunskog motociklisti\u010dkog utrkivanja kao \u0161to je Superbike World Championship kako bi pru\u017eila maksimalne performanse na cesti kao i na stazi. Ugra\u0111uje se izravno u standardne noge vilice te omogu\u0107uje odvojivo pode\u0161avanje kompresijskog i povratnog prigu\u0161enja u svakoj nozi, kao i pode\u0161avanje prednaprezanja, sve dostupno putem crnih gornjih \u010depova.<\/p>\n<p>Sustavi ulo\u017eaka \u00d6hlins projektirani su za ugradnju u standardnu vilicu. Sustavi ulo\u017eaka isporu\u010duju se sa ili bez opruga, ovisno o katalo\u0161kom broju proizvoda. Molimo pogledajte odgovaraju\u0107e upute za ugradnju. Molimo slijedite na\u0161e preporuke u vezi s tvrdo\u0107om opruga i uljem u odnosu na te\u017einu voza\u010da i osobne preferencije navedene u uputama za ugradnju odre\u0111enog kompleta ulo\u017eaka.<\/p>\n<p>PODACI<\/p>\n<p>Duljina: 804 mm<br \/>\nHod: 130 mm<br \/>\nPozicija: prednja<br \/>\nSerija opruga: 08423-Series<br \/>\nJedinica pakiranja: par<\/p>\n","protected":false},"featured_media":54944,"template":"","meta":[],"product_brand":[],"product_cat":[1254],"product_tag":[],"class_list":{"0":"post-55577","1":"product","2":"type-product","3":"status-publish","4":"has-post-thumbnail","6":"product_cat-ohlins","8":"first","9":"instock","10":"sale","11":"shipping-taxable","12":"purchasable","13":"product-type-simple"},"yoast_head":"<!-- This site is optimized with the Yoast SEO plugin v27.5 - https:\/\/yoast.com\/product\/yoast-seo-wordpress\/ -->\n<title>YAMAHA XSR 900 \u00d6HLINS NIX 30 STREET CARTRIDGE KIT 2022-2023 - Rapido Motosport<\/title>\n<meta name=\"robots\" content=\"index, follow, max-snippet:-1, max-image-preview:large, max-video-preview:-1\" \/>\n<link rel=\"canonical\" href=\"https:\/\/rapidomotosport.hr\/it\/proizvod\/yamaha-xsr-900-ohlins-nix-30-street-cartridge-kit-2022-2023\/\" \/>\n<meta property=\"og:locale\" content=\"it_IT\" \/>\n<meta property=\"og:type\" content=\"article\" \/>\n<meta property=\"og:title\" content=\"YAMAHA XSR 900 \u00d6HLINS NIX 30 STREET CARTRIDGE KIT 2022-2023 - Rapido Motosport\" \/>\n<meta property=\"og:description\" content=\"Komplet ulo\u017eaka \u00d6hlins NIX 30 Street ima novo dizajnirane crne gornje \u010depove kako bi motociklu dao suptilniji izgled. \u201eNIX\u201d tehnologija razvijena je iz vrhunskog motociklisti\u010dkog utrkivanja kao \u0161to je Superbike World Championship kako bi pru\u017eila maksimalne performanse na cesti kao i na stazi. Ugra\u0111uje se izravno u standardne noge vilice te omogu\u0107uje odvojivo pode\u0161avanje kompresijskog i povratnog prigu\u0161enja u svakoj nozi, kao i pode\u0161avanje prednaprezanja, sve dostupno putem crnih gornjih \u010depova.  Sustavi ulo\u017eaka \u00d6hlins projektirani su za ugradnju u standardnu vilicu. Sustavi ulo\u017eaka isporu\u010duju se sa ili bez opruga, ovisno o katalo\u0161kom broju proizvoda. Molimo pogledajte odgovaraju\u0107e upute za ugradnju. Molimo slijedite na\u0161e preporuke u vezi s tvrdo\u0107om opruga i uljem u odnosu na te\u017einu voza\u010da i osobne preferencije navedene u uputama za ugradnju odre\u0111enog kompleta ulo\u017eaka.  PODACI  Duljina: 804 mm Hod: 130 mm Pozicija: prednja Serija opruga: 08423-Series Jedinica pakiranja: par\" \/>\n<meta property=\"og:url\" content=\"https:\/\/rapidomotosport.hr\/it\/proizvod\/yamaha-xsr-900-ohlins-nix-30-street-cartridge-kit-2022-2023\/\" \/>\n<meta property=\"og:site_name\" content=\"Rapido Motosport\" \/>\n<meta property=\"article:modified_time\" content=\"2026-05-12T17:30:19+00:00\" \/>\n<meta property=\"og:image\" content=\"https:\/\/rapidomotosport.hr\/wp-content\/uploads\/2026\/04\/arbo-87.png\" \/>\n\t<meta property=\"og:image:width\" content=\"2048\" \/>\n\t<meta property=\"og:image:height\" content=\"1536\" \/>\n\t<meta property=\"og:image:type\" content=\"image\/png\" \/>\n<meta name=\"twitter:card\" content=\"summary_large_image\" \/>\n<script type=\"application\/ld+json\" class=\"yoast-schema-graph\">{\"@context\":\"https:\\\/\\\/schema.org\",\"@graph\":[{\"@type\":\"WebPage\",\"@id\":\"https:\\\/\\\/rapidomotosport.hr\\\/it\\\/proizvod\\\/yamaha-xsr-900-ohlins-nix-30-street-cartridge-kit-2022-2023\\\/\",\"url\":\"https:\\\/\\\/rapidomotosport.hr\\\/it\\\/proizvod\\\/yamaha-xsr-900-ohlins-nix-30-street-cartridge-kit-2022-2023\\\/\",\"name\":\"YAMAHA XSR 900 \u00d6HLINS NIX 30 STREET CARTRIDGE KIT 2022-2023 - Rapido Motosport\",\"isPartOf\":{\"@id\":\"https:\\\/\\\/rapidomotosport.hr\\\/it\\\/#website\"},\"primaryImageOfPage\":{\"@id\":\"https:\\\/\\\/rapidomotosport.hr\\\/it\\\/proizvod\\\/yamaha-xsr-900-ohlins-nix-30-street-cartridge-kit-2022-2023\\\/#primaryimage\"},\"image\":{\"@id\":\"https:\\\/\\\/rapidomotosport.hr\\\/it\\\/proizvod\\\/yamaha-xsr-900-ohlins-nix-30-street-cartridge-kit-2022-2023\\\/#primaryimage\"},\"thumbnailUrl\":\"https:\\\/\\\/rapidomotosport.hr\\\/wp-content\\\/uploads\\\/2026\\\/04\\\/arbo-87.png\",\"datePublished\":\"2026-05-12T17:27:55+00:00\",\"dateModified\":\"2026-05-12T17:30:19+00:00\",\"breadcrumb\":{\"@id\":\"https:\\\/\\\/rapidomotosport.hr\\\/it\\\/proizvod\\\/yamaha-xsr-900-ohlins-nix-30-street-cartridge-kit-2022-2023\\\/#breadcrumb\"},\"inLanguage\":\"it-IT\",\"potentialAction\":[{\"@type\":\"ReadAction\",\"target\":[\"https:\\\/\\\/rapidomotosport.hr\\\/it\\\/proizvod\\\/yamaha-xsr-900-ohlins-nix-30-street-cartridge-kit-2022-2023\\\/\"]}]},{\"@type\":\"ImageObject\",\"inLanguage\":\"it-IT\",\"@id\":\"https:\\\/\\\/rapidomotosport.hr\\\/it\\\/proizvod\\\/yamaha-xsr-900-ohlins-nix-30-street-cartridge-kit-2022-2023\\\/#primaryimage\",\"url\":\"https:\\\/\\\/rapidomotosport.hr\\\/wp-content\\\/uploads\\\/2026\\\/04\\\/arbo-87.png\",\"contentUrl\":\"https:\\\/\\\/rapidomotosport.hr\\\/wp-content\\\/uploads\\\/2026\\\/04\\\/arbo-87.png\",\"width\":2048,\"height\":1536},{\"@type\":\"BreadcrumbList\",\"@id\":\"https:\\\/\\\/rapidomotosport.hr\\\/it\\\/proizvod\\\/yamaha-xsr-900-ohlins-nix-30-street-cartridge-kit-2022-2023\\\/#breadcrumb\",\"itemListElement\":[{\"@type\":\"ListItem\",\"position\":1,\"name\":\"Po\u010detna stranica\",\"item\":\"https:\\\/\\\/rapidomotosport.hr\\\/it\\\/\"},{\"@type\":\"ListItem\",\"position\":2,\"name\":\"Negozio\",\"item\":\"https:\\\/\\\/rapidomotosport.hr\\\/it\\\/negozio\\\/\"},{\"@type\":\"ListItem\",\"position\":3,\"name\":\"YAMAHA XSR 900 \u00d6HLINS NIX 30 STREET CARTRIDGE KIT 2022-2023\"}]},{\"@type\":\"WebSite\",\"@id\":\"https:\\\/\\\/rapidomotosport.hr\\\/it\\\/#website\",\"url\":\"https:\\\/\\\/rapidomotosport.hr\\\/it\\\/\",\"name\":\"Rapido Motosport\",\"description\":\"\",\"potentialAction\":[{\"@type\":\"SearchAction\",\"target\":{\"@type\":\"EntryPoint\",\"urlTemplate\":\"https:\\\/\\\/rapidomotosport.hr\\\/it\\\/?s={search_term_string}\"},\"query-input\":{\"@type\":\"PropertyValueSpecification\",\"valueRequired\":true,\"valueName\":\"search_term_string\"}}],\"inLanguage\":\"it-IT\"}]}<\/script>\n<!-- \/ Yoast SEO plugin. -->","yoast_head_json":{"title":"YAMAHA XSR 900 \u00d6HLINS NIX 30 STREET CARTRIDGE KIT 2022-2023 - Rapido Motosport","robots":{"index":"index","follow":"follow","max-snippet":"max-snippet:-1","max-image-preview":"max-image-preview:large","max-video-preview":"max-video-preview:-1"},"canonical":"https:\/\/rapidomotosport.hr\/it\/proizvod\/yamaha-xsr-900-ohlins-nix-30-street-cartridge-kit-2022-2023\/","og_locale":"it_IT","og_type":"article","og_title":"YAMAHA XSR 900 \u00d6HLINS NIX 30 STREET CARTRIDGE KIT 2022-2023 - Rapido Motosport","og_description":"Komplet ulo\u017eaka \u00d6hlins NIX 30 Street ima novo dizajnirane crne gornje \u010depove kako bi motociklu dao suptilniji izgled. \u201eNIX\u201d tehnologija razvijena je iz vrhunskog motociklisti\u010dkog utrkivanja kao \u0161to je Superbike World Championship kako bi pru\u017eila maksimalne performanse na cesti kao i na stazi. Ugra\u0111uje se izravno u standardne noge vilice te omogu\u0107uje odvojivo pode\u0161avanje kompresijskog i povratnog prigu\u0161enja u svakoj nozi, kao i pode\u0161avanje prednaprezanja, sve dostupno putem crnih gornjih \u010depova.  Sustavi ulo\u017eaka \u00d6hlins projektirani su za ugradnju u standardnu vilicu. Sustavi ulo\u017eaka isporu\u010duju se sa ili bez opruga, ovisno o katalo\u0161kom broju proizvoda. Molimo pogledajte odgovaraju\u0107e upute za ugradnju. Molimo slijedite na\u0161e preporuke u vezi s tvrdo\u0107om opruga i uljem u odnosu na te\u017einu voza\u010da i osobne preferencije navedene u uputama za ugradnju odre\u0111enog kompleta ulo\u017eaka.  PODACI  Duljina: 804 mm Hod: 130 mm Pozicija: prednja Serija opruga: 08423-Series Jedinica pakiranja: par","og_url":"https:\/\/rapidomotosport.hr\/it\/proizvod\/yamaha-xsr-900-ohlins-nix-30-street-cartridge-kit-2022-2023\/","og_site_name":"Rapido Motosport","article_modified_time":"2026-05-12T17:30:19+00:00","og_image":[{"width":2048,"height":1536,"url":"https:\/\/rapidomotosport.hr\/wp-content\/uploads\/2026\/04\/arbo-87.png","type":"image\/png"}],"twitter_card":"summary_large_image","schema":{"@context":"https:\/\/schema.org","@graph":[{"@type":"WebPage","@id":"https:\/\/rapidomotosport.hr\/it\/proizvod\/yamaha-xsr-900-ohlins-nix-30-street-cartridge-kit-2022-2023\/","url":"https:\/\/rapidomotosport.hr\/it\/proizvod\/yamaha-xsr-900-ohlins-nix-30-street-cartridge-kit-2022-2023\/","name":"YAMAHA XSR 900 \u00d6HLINS NIX 30 STREET CARTRIDGE KIT 2022-2023 - Rapido Motosport","isPartOf":{"@id":"https:\/\/rapidomotosport.hr\/it\/#website"},"primaryImageOfPage":{"@id":"https:\/\/rapidomotosport.hr\/it\/proizvod\/yamaha-xsr-900-ohlins-nix-30-street-cartridge-kit-2022-2023\/#primaryimage"},"image":{"@id":"https:\/\/rapidomotosport.hr\/it\/proizvod\/yamaha-xsr-900-ohlins-nix-30-street-cartridge-kit-2022-2023\/#primaryimage"},"thumbnailUrl":"https:\/\/rapidomotosport.hr\/wp-content\/uploads\/2026\/04\/arbo-87.png","datePublished":"2026-05-12T17:27:55+00:00","dateModified":"2026-05-12T17:30:19+00:00","breadcrumb":{"@id":"https:\/\/rapidomotosport.hr\/it\/proizvod\/yamaha-xsr-900-ohlins-nix-30-street-cartridge-kit-2022-2023\/#breadcrumb"},"inLanguage":"it-IT","potentialAction":[{"@type":"ReadAction","target":["https:\/\/rapidomotosport.hr\/it\/proizvod\/yamaha-xsr-900-ohlins-nix-30-street-cartridge-kit-2022-2023\/"]}]},{"@type":"ImageObject","inLanguage":"it-IT","@id":"https:\/\/rapidomotosport.hr\/it\/proizvod\/yamaha-xsr-900-ohlins-nix-30-street-cartridge-kit-2022-2023\/#primaryimage","url":"https:\/\/rapidomotosport.hr\/wp-content\/uploads\/2026\/04\/arbo-87.png","contentUrl":"https:\/\/rapidomotosport.hr\/wp-content\/uploads\/2026\/04\/arbo-87.png","width":2048,"height":1536},{"@type":"BreadcrumbList","@id":"https:\/\/rapidomotosport.hr\/it\/proizvod\/yamaha-xsr-900-ohlins-nix-30-street-cartridge-kit-2022-2023\/#breadcrumb","itemListElement":[{"@type":"ListItem","position":1,"name":"Po\u010detna stranica","item":"https:\/\/rapidomotosport.hr\/it\/"},{"@type":"ListItem","position":2,"name":"Negozio","item":"https:\/\/rapidomotosport.hr\/it\/negozio\/"},{"@type":"ListItem","position":3,"name":"YAMAHA XSR 900 \u00d6HLINS NIX 30 STREET CARTRIDGE KIT 2022-2023"}]},{"@type":"WebSite","@id":"https:\/\/rapidomotosport.hr\/it\/#website","url":"https:\/\/rapidomotosport.hr\/it\/","name":"Rapido Motosport","description":"","potentialAction":[{"@type":"SearchAction","target":{"@type":"EntryPoint","urlTemplate":"https:\/\/rapidomotosport.hr\/it\/?s={search_term_string}"},"query-input":{"@type":"PropertyValueSpecification","valueRequired":true,"valueName":"search_term_string"}}],"inLanguage":"it-IT"}]}},"_links":{"self":[{"href":"https:\/\/rapidomotosport.hr\/it\/wp-json\/wp\/v2\/product\/55577","targetHints":{"allow":["GET"]}}],"collection":[{"href":"https:\/\/rapidomotosport.hr\/it\/wp-json\/wp\/v2\/product"}],"about":[{"href":"https:\/\/rapidomotosport.hr\/it\/wp-json\/wp\/v2\/types\/product"}],"wp:featuredmedia":[{"embeddable":true,"href":"https:\/\/rapidomotosport.hr\/it\/wp-json\/wp\/v2\/media\/54944"}],"wp:attachment":[{"href":"https:\/\/rapidomotosport.hr\/it\/wp-json\/wp\/v2\/media?parent=55577"}],"wp:term":[{"taxonomy":"product_brand","embeddable":true,"href":"https:\/\/rapidomotosport.hr\/it\/wp-json\/wp\/v2\/product_brand?post=55577"},{"taxonomy":"product_cat","embeddable":true,"href":"https:\/\/rapidomotosport.hr\/it\/wp-json\/wp\/v2\/product_cat?post=55577"},{"taxonomy":"product_tag","embeddable":true,"href":"https:\/\/rapidomotosport.hr\/it\/wp-json\/wp\/v2\/product_tag?post=55577"}],"curies":[{"name":"wp","href":"https:\/\/api.w.org\/{rel}","templated":true}]}}