{"id":55583,"date":"2026-05-12T20:07:36","date_gmt":"2026-05-12T18:07:36","guid":{"rendered":"https:\/\/rapidomotosport.hr\/?post_type=product&#038;p=55583"},"modified":"2026-05-12T20:07:54","modified_gmt":"2026-05-12T18:07:54","slug":"yamaha-xt-1200-z-supertenere-ohlins-fka-cartridge-kit-adventure-2010-2020","status":"publish","type":"product","link":"https:\/\/rapidomotosport.hr\/it\/proizvod\/yamaha-xt-1200-z-supertenere-ohlins-fka-cartridge-kit-adventure-2010-2020\/","title":{"rendered":"YAMAHA XT 1200 Z SUPERTENERE \u00d6HLINS FKA CARTRIDGE KIT ADVENTURE 2010-2020"},"content":{"rendered":"","protected":false},"excerpt":{"rendered":"<p>Na temelju provjerene NIX tehnologije iz na\u0161e Road &amp; Track linije proizvoda, \u00d6hlins je razvio FKA cartridge kitove za Adventure motocikle, pobolj\u0161avaju\u0107i ih u pogledu udobnosti i ukupnih performansi.<\/p>\n<p>Zahvaljuju\u0107i FKA cartridge kitovima, motocikl sada ima potpuno podesiv prednji kraj. Povratno prigu\u0161enje nalazi se u jednoj nozi vilice, a kompresijsko u drugoj, uz podesivo prednaprezanje opruge u obje noge. Dostupne su razli\u010dite opruge za individualne potrebe voza\u010da, kao i u\u010dinkoviti hidrauli\u010dni grani\u010dnik unutar kita koji sprje\u010dava udaranje do kraja hoda (bottoming).<\/p>\n<p>Opruge prednje vilice i ulje potrebno je naru\u010diti zasebno. Preporuke za tvrdo\u0107u opruga mogu se prona\u0107i u uputama za ugradnju.<\/p>\n<p>PODACI<\/p>\n<p>Duljina: 872 mm<br \/>\nHod: 190 mm<br \/>\nPozicija: prednja<br \/>\nSerija opruga: 08424-serie<br \/>\nPreporu\u010deno ulje: 01309-01<br \/>\nJedinica pakiranja: par<\/p>\n","protected":false},"featured_media":55584,"template":"","meta":[],"product_brand":[],"product_cat":[1254],"product_tag":[],"class_list":{"0":"post-55583","1":"product","2":"type-product","3":"status-publish","4":"has-post-thumbnail","6":"product_cat-ohlins","8":"first","9":"instock","10":"sale","11":"shipping-taxable","12":"purchasable","13":"product-type-simple"},"yoast_head":"<!-- This site is optimized with the Yoast SEO plugin v27.5 - https:\/\/yoast.com\/product\/yoast-seo-wordpress\/ -->\n<title>YAMAHA XT 1200 Z SUPERTENERE \u00d6HLINS FKA CARTRIDGE KIT ADVENTURE 2010-2020 - Rapido Motosport<\/title>\n<meta name=\"robots\" content=\"index, follow, max-snippet:-1, max-image-preview:large, max-video-preview:-1\" \/>\n<link rel=\"canonical\" href=\"https:\/\/rapidomotosport.hr\/it\/proizvod\/yamaha-xt-1200-z-supertenere-ohlins-fka-cartridge-kit-adventure-2010-2020\/\" \/>\n<meta property=\"og:locale\" content=\"it_IT\" \/>\n<meta property=\"og:type\" content=\"article\" \/>\n<meta property=\"og:title\" content=\"YAMAHA XT 1200 Z SUPERTENERE \u00d6HLINS FKA CARTRIDGE KIT ADVENTURE 2010-2020 - Rapido Motosport\" \/>\n<meta property=\"og:description\" content=\"Na temelju provjerene NIX tehnologije iz na\u0161e Road &amp; Track linije proizvoda, \u00d6hlins je razvio FKA cartridge kitove za Adventure motocikle, pobolj\u0161avaju\u0107i ih u pogledu udobnosti i ukupnih performansi.  Zahvaljuju\u0107i FKA cartridge kitovima, motocikl sada ima potpuno podesiv prednji kraj. Povratno prigu\u0161enje nalazi se u jednoj nozi vilice, a kompresijsko u drugoj, uz podesivo prednaprezanje opruge u obje noge. Dostupne su razli\u010dite opruge za individualne potrebe voza\u010da, kao i u\u010dinkoviti hidrauli\u010dni grani\u010dnik unutar kita koji sprje\u010dava udaranje do kraja hoda (bottoming).  Opruge prednje vilice i ulje potrebno je naru\u010diti zasebno. Preporuke za tvrdo\u0107u opruga mogu se prona\u0107i u uputama za ugradnju.  PODACI  Duljina: 872 mm Hod: 190 mm Pozicija: prednja Serija opruga: 08424-serie Preporu\u010deno ulje: 01309-01 Jedinica pakiranja: par\" \/>\n<meta property=\"og:url\" content=\"https:\/\/rapidomotosport.hr\/it\/proizvod\/yamaha-xt-1200-z-supertenere-ohlins-fka-cartridge-kit-adventure-2010-2020\/\" \/>\n<meta property=\"og:site_name\" content=\"Rapido Motosport\" \/>\n<meta property=\"article:modified_time\" content=\"2026-05-12T18:07:54+00:00\" \/>\n<meta property=\"og:image\" content=\"https:\/\/rapidomotosport.hr\/wp-content\/uploads\/2026\/05\/arbo-2-35.png\" \/>\n\t<meta property=\"og:image:width\" content=\"2048\" \/>\n\t<meta property=\"og:image:height\" content=\"1536\" \/>\n\t<meta property=\"og:image:type\" content=\"image\/png\" \/>\n<meta name=\"twitter:card\" content=\"summary_large_image\" \/>\n<meta name=\"twitter:label1\" content=\"Tempo di lettura stimato\" \/>\n\t<meta name=\"twitter:data1\" content=\"1 minuto\" \/>\n<script type=\"application\/ld+json\" class=\"yoast-schema-graph\">{\"@context\":\"https:\\\/\\\/schema.org\",\"@graph\":[{\"@type\":\"WebPage\",\"@id\":\"https:\\\/\\\/rapidomotosport.hr\\\/it\\\/proizvod\\\/yamaha-xt-1200-z-supertenere-ohlins-fka-cartridge-kit-adventure-2010-2020\\\/\",\"url\":\"https:\\\/\\\/rapidomotosport.hr\\\/it\\\/proizvod\\\/yamaha-xt-1200-z-supertenere-ohlins-fka-cartridge-kit-adventure-2010-2020\\\/\",\"name\":\"YAMAHA XT 1200 Z SUPERTENERE \u00d6HLINS FKA CARTRIDGE KIT ADVENTURE 2010-2020 - Rapido Motosport\",\"isPartOf\":{\"@id\":\"https:\\\/\\\/rapidomotosport.hr\\\/it\\\/#website\"},\"primaryImageOfPage\":{\"@id\":\"https:\\\/\\\/rapidomotosport.hr\\\/it\\\/proizvod\\\/yamaha-xt-1200-z-supertenere-ohlins-fka-cartridge-kit-adventure-2010-2020\\\/#primaryimage\"},\"image\":{\"@id\":\"https:\\\/\\\/rapidomotosport.hr\\\/it\\\/proizvod\\\/yamaha-xt-1200-z-supertenere-ohlins-fka-cartridge-kit-adventure-2010-2020\\\/#primaryimage\"},\"thumbnailUrl\":\"https:\\\/\\\/rapidomotosport.hr\\\/wp-content\\\/uploads\\\/2026\\\/05\\\/arbo-2-35.png\",\"datePublished\":\"2026-05-12T18:07:36+00:00\",\"dateModified\":\"2026-05-12T18:07:54+00:00\",\"breadcrumb\":{\"@id\":\"https:\\\/\\\/rapidomotosport.hr\\\/it\\\/proizvod\\\/yamaha-xt-1200-z-supertenere-ohlins-fka-cartridge-kit-adventure-2010-2020\\\/#breadcrumb\"},\"inLanguage\":\"it-IT\",\"potentialAction\":[{\"@type\":\"ReadAction\",\"target\":[\"https:\\\/\\\/rapidomotosport.hr\\\/it\\\/proizvod\\\/yamaha-xt-1200-z-supertenere-ohlins-fka-cartridge-kit-adventure-2010-2020\\\/\"]}]},{\"@type\":\"ImageObject\",\"inLanguage\":\"it-IT\",\"@id\":\"https:\\\/\\\/rapidomotosport.hr\\\/it\\\/proizvod\\\/yamaha-xt-1200-z-supertenere-ohlins-fka-cartridge-kit-adventure-2010-2020\\\/#primaryimage\",\"url\":\"https:\\\/\\\/rapidomotosport.hr\\\/wp-content\\\/uploads\\\/2026\\\/05\\\/arbo-2-35.png\",\"contentUrl\":\"https:\\\/\\\/rapidomotosport.hr\\\/wp-content\\\/uploads\\\/2026\\\/05\\\/arbo-2-35.png\",\"width\":2048,\"height\":1536},{\"@type\":\"BreadcrumbList\",\"@id\":\"https:\\\/\\\/rapidomotosport.hr\\\/it\\\/proizvod\\\/yamaha-xt-1200-z-supertenere-ohlins-fka-cartridge-kit-adventure-2010-2020\\\/#breadcrumb\",\"itemListElement\":[{\"@type\":\"ListItem\",\"position\":1,\"name\":\"Po\u010detna stranica\",\"item\":\"https:\\\/\\\/rapidomotosport.hr\\\/it\\\/\"},{\"@type\":\"ListItem\",\"position\":2,\"name\":\"Negozio\",\"item\":\"https:\\\/\\\/rapidomotosport.hr\\\/it\\\/negozio\\\/\"},{\"@type\":\"ListItem\",\"position\":3,\"name\":\"YAMAHA XT 1200 Z SUPERTENERE \u00d6HLINS FKA CARTRIDGE KIT ADVENTURE 2010-2020\"}]},{\"@type\":\"WebSite\",\"@id\":\"https:\\\/\\\/rapidomotosport.hr\\\/it\\\/#website\",\"url\":\"https:\\\/\\\/rapidomotosport.hr\\\/it\\\/\",\"name\":\"Rapido Motosport\",\"description\":\"\",\"potentialAction\":[{\"@type\":\"SearchAction\",\"target\":{\"@type\":\"EntryPoint\",\"urlTemplate\":\"https:\\\/\\\/rapidomotosport.hr\\\/it\\\/?s={search_term_string}\"},\"query-input\":{\"@type\":\"PropertyValueSpecification\",\"valueRequired\":true,\"valueName\":\"search_term_string\"}}],\"inLanguage\":\"it-IT\"}]}<\/script>\n<!-- \/ Yoast SEO plugin. -->","yoast_head_json":{"title":"YAMAHA XT 1200 Z SUPERTENERE \u00d6HLINS FKA CARTRIDGE KIT ADVENTURE 2010-2020 - Rapido Motosport","robots":{"index":"index","follow":"follow","max-snippet":"max-snippet:-1","max-image-preview":"max-image-preview:large","max-video-preview":"max-video-preview:-1"},"canonical":"https:\/\/rapidomotosport.hr\/it\/proizvod\/yamaha-xt-1200-z-supertenere-ohlins-fka-cartridge-kit-adventure-2010-2020\/","og_locale":"it_IT","og_type":"article","og_title":"YAMAHA XT 1200 Z SUPERTENERE \u00d6HLINS FKA CARTRIDGE KIT ADVENTURE 2010-2020 - Rapido Motosport","og_description":"Na temelju provjerene NIX tehnologije iz na\u0161e Road &amp; Track linije proizvoda, \u00d6hlins je razvio FKA cartridge kitove za Adventure motocikle, pobolj\u0161avaju\u0107i ih u pogledu udobnosti i ukupnih performansi.  Zahvaljuju\u0107i FKA cartridge kitovima, motocikl sada ima potpuno podesiv prednji kraj. Povratno prigu\u0161enje nalazi se u jednoj nozi vilice, a kompresijsko u drugoj, uz podesivo prednaprezanje opruge u obje noge. Dostupne su razli\u010dite opruge za individualne potrebe voza\u010da, kao i u\u010dinkoviti hidrauli\u010dni grani\u010dnik unutar kita koji sprje\u010dava udaranje do kraja hoda (bottoming).  Opruge prednje vilice i ulje potrebno je naru\u010diti zasebno. Preporuke za tvrdo\u0107u opruga mogu se prona\u0107i u uputama za ugradnju.  PODACI  Duljina: 872 mm Hod: 190 mm Pozicija: prednja Serija opruga: 08424-serie Preporu\u010deno ulje: 01309-01 Jedinica pakiranja: par","og_url":"https:\/\/rapidomotosport.hr\/it\/proizvod\/yamaha-xt-1200-z-supertenere-ohlins-fka-cartridge-kit-adventure-2010-2020\/","og_site_name":"Rapido Motosport","article_modified_time":"2026-05-12T18:07:54+00:00","og_image":[{"width":2048,"height":1536,"url":"https:\/\/rapidomotosport.hr\/wp-content\/uploads\/2026\/05\/arbo-2-35.png","type":"image\/png"}],"twitter_card":"summary_large_image","twitter_misc":{"Tempo di lettura stimato":"1 minuto"},"schema":{"@context":"https:\/\/schema.org","@graph":[{"@type":"WebPage","@id":"https:\/\/rapidomotosport.hr\/it\/proizvod\/yamaha-xt-1200-z-supertenere-ohlins-fka-cartridge-kit-adventure-2010-2020\/","url":"https:\/\/rapidomotosport.hr\/it\/proizvod\/yamaha-xt-1200-z-supertenere-ohlins-fka-cartridge-kit-adventure-2010-2020\/","name":"YAMAHA XT 1200 Z SUPERTENERE \u00d6HLINS FKA CARTRIDGE KIT ADVENTURE 2010-2020 - Rapido Motosport","isPartOf":{"@id":"https:\/\/rapidomotosport.hr\/it\/#website"},"primaryImageOfPage":{"@id":"https:\/\/rapidomotosport.hr\/it\/proizvod\/yamaha-xt-1200-z-supertenere-ohlins-fka-cartridge-kit-adventure-2010-2020\/#primaryimage"},"image":{"@id":"https:\/\/rapidomotosport.hr\/it\/proizvod\/yamaha-xt-1200-z-supertenere-ohlins-fka-cartridge-kit-adventure-2010-2020\/#primaryimage"},"thumbnailUrl":"https:\/\/rapidomotosport.hr\/wp-content\/uploads\/2026\/05\/arbo-2-35.png","datePublished":"2026-05-12T18:07:36+00:00","dateModified":"2026-05-12T18:07:54+00:00","breadcrumb":{"@id":"https:\/\/rapidomotosport.hr\/it\/proizvod\/yamaha-xt-1200-z-supertenere-ohlins-fka-cartridge-kit-adventure-2010-2020\/#breadcrumb"},"inLanguage":"it-IT","potentialAction":[{"@type":"ReadAction","target":["https:\/\/rapidomotosport.hr\/it\/proizvod\/yamaha-xt-1200-z-supertenere-ohlins-fka-cartridge-kit-adventure-2010-2020\/"]}]},{"@type":"ImageObject","inLanguage":"it-IT","@id":"https:\/\/rapidomotosport.hr\/it\/proizvod\/yamaha-xt-1200-z-supertenere-ohlins-fka-cartridge-kit-adventure-2010-2020\/#primaryimage","url":"https:\/\/rapidomotosport.hr\/wp-content\/uploads\/2026\/05\/arbo-2-35.png","contentUrl":"https:\/\/rapidomotosport.hr\/wp-content\/uploads\/2026\/05\/arbo-2-35.png","width":2048,"height":1536},{"@type":"BreadcrumbList","@id":"https:\/\/rapidomotosport.hr\/it\/proizvod\/yamaha-xt-1200-z-supertenere-ohlins-fka-cartridge-kit-adventure-2010-2020\/#breadcrumb","itemListElement":[{"@type":"ListItem","position":1,"name":"Po\u010detna stranica","item":"https:\/\/rapidomotosport.hr\/it\/"},{"@type":"ListItem","position":2,"name":"Negozio","item":"https:\/\/rapidomotosport.hr\/it\/negozio\/"},{"@type":"ListItem","position":3,"name":"YAMAHA XT 1200 Z SUPERTENERE \u00d6HLINS FKA CARTRIDGE KIT ADVENTURE 2010-2020"}]},{"@type":"WebSite","@id":"https:\/\/rapidomotosport.hr\/it\/#website","url":"https:\/\/rapidomotosport.hr\/it\/","name":"Rapido Motosport","description":"","potentialAction":[{"@type":"SearchAction","target":{"@type":"EntryPoint","urlTemplate":"https:\/\/rapidomotosport.hr\/it\/?s={search_term_string}"},"query-input":{"@type":"PropertyValueSpecification","valueRequired":true,"valueName":"search_term_string"}}],"inLanguage":"it-IT"}]}},"_links":{"self":[{"href":"https:\/\/rapidomotosport.hr\/it\/wp-json\/wp\/v2\/product\/55583","targetHints":{"allow":["GET"]}}],"collection":[{"href":"https:\/\/rapidomotosport.hr\/it\/wp-json\/wp\/v2\/product"}],"about":[{"href":"https:\/\/rapidomotosport.hr\/it\/wp-json\/wp\/v2\/types\/product"}],"wp:featuredmedia":[{"embeddable":true,"href":"https:\/\/rapidomotosport.hr\/it\/wp-json\/wp\/v2\/media\/55584"}],"wp:attachment":[{"href":"https:\/\/rapidomotosport.hr\/it\/wp-json\/wp\/v2\/media?parent=55583"}],"wp:term":[{"taxonomy":"product_brand","embeddable":true,"href":"https:\/\/rapidomotosport.hr\/it\/wp-json\/wp\/v2\/product_brand?post=55583"},{"taxonomy":"product_cat","embeddable":true,"href":"https:\/\/rapidomotosport.hr\/it\/wp-json\/wp\/v2\/product_cat?post=55583"},{"taxonomy":"product_tag","embeddable":true,"href":"https:\/\/rapidomotosport.hr\/it\/wp-json\/wp\/v2\/product_tag?post=55583"}],"curies":[{"name":"wp","href":"https:\/\/api.w.org\/{rel}","templated":true}]}}