{"id":55593,"date":"2026-05-12T20:21:10","date_gmt":"2026-05-12T18:21:10","guid":{"rendered":"https:\/\/rapidomotosport.hr\/?post_type=product&#038;p=55593"},"modified":"2026-05-12T20:23:35","modified_gmt":"2026-05-12T18:23:35","slug":"yamaha-tenere-700-ohlins-stx-46-adventure-shock-absorber-2019-2024","status":"publish","type":"product","link":"https:\/\/rapidomotosport.hr\/it\/proizvod\/yamaha-tenere-700-ohlins-stx-46-adventure-shock-absorber-2019-2024\/","title":{"rendered":"YAMAHA TENERE 700 \u00d6HLINS STX 46 ADVENTURE SHOCK ABSORBER 2019-2024"},"content":{"rendered":"","protected":false},"excerpt":{"rendered":"<p data-start=\"0\" data-end=\"489\"><span class=\"hover:entity-accent entity-underline inline cursor-pointer align-baseline\"><span class=\"whitespace-normal\">\u00d6hlins<\/span><\/span> STX 46 Adventure amortizer predstavlja veliku nadogradnju performansi za ve\u0107inu glavnih modela u adventure kategoriji. Sa svojim klasi\u010dnim monotube dizajnom i velikim klipom promjera 46 mm, STX 46 Adventure amortizer pru\u017ea maksimalne performanse bez obzira na to kamo vas va\u0161a avantura vodi. Dostupan u \u0161irokom rasponu konfiguracija, ovaj amortizer je dizajniran da se uklopi u gotovo svaki raspolo\u017eivi prostor za ugradnju \u2013 bez obzira na ograni\u010denja.<\/p>\n<p data-start=\"491\" data-end=\"815\">Oslobodite vrhunske performanse i udobnost na va\u0161em <span class=\"hover:entity-accent entity-underline inline cursor-pointer align-baseline\"><span class=\"whitespace-normal\">Yamaha T\u00e9n\u00e9r\u00e9 700<\/span><\/span> uz <span class=\"hover:entity-accent entity-underline inline cursor-pointer align-baseline\"><span class=\"whitespace-normal\">\u00d6hlins<\/span><\/span> STX 46 Adventure amortizer. Ovaj monotube stra\u017enji amortizer pod visokim tlakom plina opremljen je vanjskim piggyback spremnikom i hidrauli\u010dnim regulatorom prednaprezanja montiranim na crijevo.<\/p>\n<p data-start=\"817\" data-end=\"1095\">Uz podesivo kompresijsko i povratno prigu\u0161enje, mo\u017eete fino prilagoditi pona\u0161anje amortizera prema vlastitim preferencijama vo\u017enje. Vanjski spremnik ne samo da omogu\u0107uje dodatna pode\u0161avanja, ve\u0107 i sadr\u017ei ve\u0107u koli\u010dinu ulja, \u0161to odr\u017eava amortizer hladnijim u ekstremnim uvjetima.<\/p>\n<p data-start=\"1097\" data-end=\"1268\" data-is-last-node=\"\" data-is-only-node=\"\">Za dodatnu prilagodljivost, amortizer je opremljen i hidrauli\u010dnim regulatorom prednaprezanja koji omogu\u0107uje pode\u0161avanje pri promjenama optere\u0107enja \u2013 bez potrebe za alatom.<\/p>\n<p>TEHNI\u010cKI PODACI<\/p>\n<p>Duljina: 371 mm<br \/>\nHod: 94 mm<br \/>\nTvrdo\u0107a opruge: 70 N\/mm<br \/>\nPozicija: stra\u017enja<br \/>\nUgra\u0111ena opruga: 00698-19<br \/>\nPolo\u017eaj ugradnje: stra\u017enji mono<br \/>\nJedinica pakiranja: kit<\/p>\n","protected":false},"featured_media":55594,"template":"","meta":[],"product_brand":[],"product_cat":[1254],"product_tag":[],"class_list":{"0":"post-55593","1":"product","2":"type-product","3":"status-publish","4":"has-post-thumbnail","6":"product_cat-ohlins","8":"first","9":"instock","10":"sale","11":"shipping-taxable","12":"purchasable","13":"product-type-simple"},"yoast_head":"<!-- This site is optimized with the Yoast SEO plugin v27.5 - https:\/\/yoast.com\/product\/yoast-seo-wordpress\/ -->\n<title>YAMAHA TENERE 700 \u00d6HLINS STX 46 ADVENTURE SHOCK ABSORBER 2019-2024 - Rapido Motosport<\/title>\n<meta name=\"robots\" content=\"index, follow, max-snippet:-1, max-image-preview:large, max-video-preview:-1\" \/>\n<link rel=\"canonical\" href=\"https:\/\/rapidomotosport.hr\/it\/proizvod\/yamaha-tenere-700-ohlins-stx-46-adventure-shock-absorber-2019-2024\/\" \/>\n<meta property=\"og:locale\" content=\"it_IT\" \/>\n<meta property=\"og:type\" content=\"article\" \/>\n<meta property=\"og:title\" content=\"YAMAHA TENERE 700 \u00d6HLINS STX 46 ADVENTURE SHOCK ABSORBER 2019-2024 - Rapido Motosport\" \/>\n<meta property=\"og:description\" content=\"\u00d6hlins STX 46 Adventure amortizer predstavlja veliku nadogradnju performansi za ve\u0107inu glavnih modela u adventure kategoriji. Sa svojim klasi\u010dnim monotube dizajnom i velikim klipom promjera 46 mm, STX 46 Adventure amortizer pru\u017ea maksimalne performanse bez obzira na to kamo vas va\u0161a avantura vodi. Dostupan u \u0161irokom rasponu konfiguracija, ovaj amortizer je dizajniran da se uklopi u gotovo svaki raspolo\u017eivi prostor za ugradnju \u2013 bez obzira na ograni\u010denja. Oslobodite vrhunske performanse i udobnost na va\u0161em Yamaha T\u00e9n\u00e9r\u00e9 700 uz \u00d6hlins STX 46 Adventure amortizer. Ovaj monotube stra\u017enji amortizer pod visokim tlakom plina opremljen je vanjskim piggyback spremnikom i hidrauli\u010dnim regulatorom prednaprezanja montiranim na crijevo. Uz podesivo kompresijsko i povratno prigu\u0161enje, mo\u017eete fino prilagoditi pona\u0161anje amortizera prema vlastitim preferencijama vo\u017enje. Vanjski spremnik ne samo da omogu\u0107uje dodatna pode\u0161avanja, ve\u0107 i sadr\u017ei ve\u0107u koli\u010dinu ulja, \u0161to odr\u017eava amortizer hladnijim u ekstremnim uvjetima. Za dodatnu prilagodljivost, amortizer je opremljen i hidrauli\u010dnim regulatorom prednaprezanja koji omogu\u0107uje pode\u0161avanje pri promjenama optere\u0107enja \u2013 bez potrebe za alatom. TEHNI\u010cKI PODACI  Duljina: 371 mm Hod: 94 mm Tvrdo\u0107a opruge: 70 N\/mm Pozicija: stra\u017enja Ugra\u0111ena opruga: 00698-19 Polo\u017eaj ugradnje: stra\u017enji mono Jedinica pakiranja: kit\" \/>\n<meta property=\"og:url\" content=\"https:\/\/rapidomotosport.hr\/it\/proizvod\/yamaha-tenere-700-ohlins-stx-46-adventure-shock-absorber-2019-2024\/\" \/>\n<meta property=\"og:site_name\" content=\"Rapido Motosport\" \/>\n<meta property=\"article:modified_time\" content=\"2026-05-12T18:23:35+00:00\" \/>\n<meta property=\"og:image\" content=\"https:\/\/rapidomotosport.hr\/wp-content\/uploads\/2026\/05\/arbo-2-37.png\" \/>\n\t<meta property=\"og:image:width\" content=\"2048\" \/>\n\t<meta property=\"og:image:height\" content=\"1536\" \/>\n\t<meta property=\"og:image:type\" content=\"image\/png\" \/>\n<meta name=\"twitter:card\" content=\"summary_large_image\" \/>\n<script type=\"application\/ld+json\" class=\"yoast-schema-graph\">{\"@context\":\"https:\\\/\\\/schema.org\",\"@graph\":[{\"@type\":\"WebPage\",\"@id\":\"https:\\\/\\\/rapidomotosport.hr\\\/it\\\/proizvod\\\/yamaha-tenere-700-ohlins-stx-46-adventure-shock-absorber-2019-2024\\\/\",\"url\":\"https:\\\/\\\/rapidomotosport.hr\\\/it\\\/proizvod\\\/yamaha-tenere-700-ohlins-stx-46-adventure-shock-absorber-2019-2024\\\/\",\"name\":\"YAMAHA TENERE 700 \u00d6HLINS STX 46 ADVENTURE SHOCK ABSORBER 2019-2024 - Rapido Motosport\",\"isPartOf\":{\"@id\":\"https:\\\/\\\/rapidomotosport.hr\\\/it\\\/#website\"},\"primaryImageOfPage\":{\"@id\":\"https:\\\/\\\/rapidomotosport.hr\\\/it\\\/proizvod\\\/yamaha-tenere-700-ohlins-stx-46-adventure-shock-absorber-2019-2024\\\/#primaryimage\"},\"image\":{\"@id\":\"https:\\\/\\\/rapidomotosport.hr\\\/it\\\/proizvod\\\/yamaha-tenere-700-ohlins-stx-46-adventure-shock-absorber-2019-2024\\\/#primaryimage\"},\"thumbnailUrl\":\"https:\\\/\\\/rapidomotosport.hr\\\/wp-content\\\/uploads\\\/2026\\\/05\\\/arbo-2-37.png\",\"datePublished\":\"2026-05-12T18:21:10+00:00\",\"dateModified\":\"2026-05-12T18:23:35+00:00\",\"breadcrumb\":{\"@id\":\"https:\\\/\\\/rapidomotosport.hr\\\/it\\\/proizvod\\\/yamaha-tenere-700-ohlins-stx-46-adventure-shock-absorber-2019-2024\\\/#breadcrumb\"},\"inLanguage\":\"it-IT\",\"potentialAction\":[{\"@type\":\"ReadAction\",\"target\":[\"https:\\\/\\\/rapidomotosport.hr\\\/it\\\/proizvod\\\/yamaha-tenere-700-ohlins-stx-46-adventure-shock-absorber-2019-2024\\\/\"]}]},{\"@type\":\"ImageObject\",\"inLanguage\":\"it-IT\",\"@id\":\"https:\\\/\\\/rapidomotosport.hr\\\/it\\\/proizvod\\\/yamaha-tenere-700-ohlins-stx-46-adventure-shock-absorber-2019-2024\\\/#primaryimage\",\"url\":\"https:\\\/\\\/rapidomotosport.hr\\\/wp-content\\\/uploads\\\/2026\\\/05\\\/arbo-2-37.png\",\"contentUrl\":\"https:\\\/\\\/rapidomotosport.hr\\\/wp-content\\\/uploads\\\/2026\\\/05\\\/arbo-2-37.png\",\"width\":2048,\"height\":1536},{\"@type\":\"BreadcrumbList\",\"@id\":\"https:\\\/\\\/rapidomotosport.hr\\\/it\\\/proizvod\\\/yamaha-tenere-700-ohlins-stx-46-adventure-shock-absorber-2019-2024\\\/#breadcrumb\",\"itemListElement\":[{\"@type\":\"ListItem\",\"position\":1,\"name\":\"Po\u010detna stranica\",\"item\":\"https:\\\/\\\/rapidomotosport.hr\\\/it\\\/\"},{\"@type\":\"ListItem\",\"position\":2,\"name\":\"Negozio\",\"item\":\"https:\\\/\\\/rapidomotosport.hr\\\/it\\\/negozio\\\/\"},{\"@type\":\"ListItem\",\"position\":3,\"name\":\"YAMAHA TENERE 700 \u00d6HLINS STX 46 ADVENTURE SHOCK ABSORBER 2019-2024\"}]},{\"@type\":\"WebSite\",\"@id\":\"https:\\\/\\\/rapidomotosport.hr\\\/it\\\/#website\",\"url\":\"https:\\\/\\\/rapidomotosport.hr\\\/it\\\/\",\"name\":\"Rapido Motosport\",\"description\":\"\",\"potentialAction\":[{\"@type\":\"SearchAction\",\"target\":{\"@type\":\"EntryPoint\",\"urlTemplate\":\"https:\\\/\\\/rapidomotosport.hr\\\/it\\\/?s={search_term_string}\"},\"query-input\":{\"@type\":\"PropertyValueSpecification\",\"valueRequired\":true,\"valueName\":\"search_term_string\"}}],\"inLanguage\":\"it-IT\"}]}<\/script>\n<!-- \/ Yoast SEO plugin. -->","yoast_head_json":{"title":"YAMAHA TENERE 700 \u00d6HLINS STX 46 ADVENTURE SHOCK ABSORBER 2019-2024 - Rapido Motosport","robots":{"index":"index","follow":"follow","max-snippet":"max-snippet:-1","max-image-preview":"max-image-preview:large","max-video-preview":"max-video-preview:-1"},"canonical":"https:\/\/rapidomotosport.hr\/it\/proizvod\/yamaha-tenere-700-ohlins-stx-46-adventure-shock-absorber-2019-2024\/","og_locale":"it_IT","og_type":"article","og_title":"YAMAHA TENERE 700 \u00d6HLINS STX 46 ADVENTURE SHOCK ABSORBER 2019-2024 - Rapido Motosport","og_description":"\u00d6hlins STX 46 Adventure amortizer predstavlja veliku nadogradnju performansi za ve\u0107inu glavnih modela u adventure kategoriji. Sa svojim klasi\u010dnim monotube dizajnom i velikim klipom promjera 46 mm, STX 46 Adventure amortizer pru\u017ea maksimalne performanse bez obzira na to kamo vas va\u0161a avantura vodi. Dostupan u \u0161irokom rasponu konfiguracija, ovaj amortizer je dizajniran da se uklopi u gotovo svaki raspolo\u017eivi prostor za ugradnju \u2013 bez obzira na ograni\u010denja. Oslobodite vrhunske performanse i udobnost na va\u0161em Yamaha T\u00e9n\u00e9r\u00e9 700 uz \u00d6hlins STX 46 Adventure amortizer. Ovaj monotube stra\u017enji amortizer pod visokim tlakom plina opremljen je vanjskim piggyback spremnikom i hidrauli\u010dnim regulatorom prednaprezanja montiranim na crijevo. Uz podesivo kompresijsko i povratno prigu\u0161enje, mo\u017eete fino prilagoditi pona\u0161anje amortizera prema vlastitim preferencijama vo\u017enje. Vanjski spremnik ne samo da omogu\u0107uje dodatna pode\u0161avanja, ve\u0107 i sadr\u017ei ve\u0107u koli\u010dinu ulja, \u0161to odr\u017eava amortizer hladnijim u ekstremnim uvjetima. Za dodatnu prilagodljivost, amortizer je opremljen i hidrauli\u010dnim regulatorom prednaprezanja koji omogu\u0107uje pode\u0161avanje pri promjenama optere\u0107enja \u2013 bez potrebe za alatom. TEHNI\u010cKI PODACI  Duljina: 371 mm Hod: 94 mm Tvrdo\u0107a opruge: 70 N\/mm Pozicija: stra\u017enja Ugra\u0111ena opruga: 00698-19 Polo\u017eaj ugradnje: stra\u017enji mono Jedinica pakiranja: kit","og_url":"https:\/\/rapidomotosport.hr\/it\/proizvod\/yamaha-tenere-700-ohlins-stx-46-adventure-shock-absorber-2019-2024\/","og_site_name":"Rapido Motosport","article_modified_time":"2026-05-12T18:23:35+00:00","og_image":[{"width":2048,"height":1536,"url":"https:\/\/rapidomotosport.hr\/wp-content\/uploads\/2026\/05\/arbo-2-37.png","type":"image\/png"}],"twitter_card":"summary_large_image","schema":{"@context":"https:\/\/schema.org","@graph":[{"@type":"WebPage","@id":"https:\/\/rapidomotosport.hr\/it\/proizvod\/yamaha-tenere-700-ohlins-stx-46-adventure-shock-absorber-2019-2024\/","url":"https:\/\/rapidomotosport.hr\/it\/proizvod\/yamaha-tenere-700-ohlins-stx-46-adventure-shock-absorber-2019-2024\/","name":"YAMAHA TENERE 700 \u00d6HLINS STX 46 ADVENTURE SHOCK ABSORBER 2019-2024 - Rapido Motosport","isPartOf":{"@id":"https:\/\/rapidomotosport.hr\/it\/#website"},"primaryImageOfPage":{"@id":"https:\/\/rapidomotosport.hr\/it\/proizvod\/yamaha-tenere-700-ohlins-stx-46-adventure-shock-absorber-2019-2024\/#primaryimage"},"image":{"@id":"https:\/\/rapidomotosport.hr\/it\/proizvod\/yamaha-tenere-700-ohlins-stx-46-adventure-shock-absorber-2019-2024\/#primaryimage"},"thumbnailUrl":"https:\/\/rapidomotosport.hr\/wp-content\/uploads\/2026\/05\/arbo-2-37.png","datePublished":"2026-05-12T18:21:10+00:00","dateModified":"2026-05-12T18:23:35+00:00","breadcrumb":{"@id":"https:\/\/rapidomotosport.hr\/it\/proizvod\/yamaha-tenere-700-ohlins-stx-46-adventure-shock-absorber-2019-2024\/#breadcrumb"},"inLanguage":"it-IT","potentialAction":[{"@type":"ReadAction","target":["https:\/\/rapidomotosport.hr\/it\/proizvod\/yamaha-tenere-700-ohlins-stx-46-adventure-shock-absorber-2019-2024\/"]}]},{"@type":"ImageObject","inLanguage":"it-IT","@id":"https:\/\/rapidomotosport.hr\/it\/proizvod\/yamaha-tenere-700-ohlins-stx-46-adventure-shock-absorber-2019-2024\/#primaryimage","url":"https:\/\/rapidomotosport.hr\/wp-content\/uploads\/2026\/05\/arbo-2-37.png","contentUrl":"https:\/\/rapidomotosport.hr\/wp-content\/uploads\/2026\/05\/arbo-2-37.png","width":2048,"height":1536},{"@type":"BreadcrumbList","@id":"https:\/\/rapidomotosport.hr\/it\/proizvod\/yamaha-tenere-700-ohlins-stx-46-adventure-shock-absorber-2019-2024\/#breadcrumb","itemListElement":[{"@type":"ListItem","position":1,"name":"Po\u010detna stranica","item":"https:\/\/rapidomotosport.hr\/it\/"},{"@type":"ListItem","position":2,"name":"Negozio","item":"https:\/\/rapidomotosport.hr\/it\/negozio\/"},{"@type":"ListItem","position":3,"name":"YAMAHA TENERE 700 \u00d6HLINS STX 46 ADVENTURE SHOCK ABSORBER 2019-2024"}]},{"@type":"WebSite","@id":"https:\/\/rapidomotosport.hr\/it\/#website","url":"https:\/\/rapidomotosport.hr\/it\/","name":"Rapido Motosport","description":"","potentialAction":[{"@type":"SearchAction","target":{"@type":"EntryPoint","urlTemplate":"https:\/\/rapidomotosport.hr\/it\/?s={search_term_string}"},"query-input":{"@type":"PropertyValueSpecification","valueRequired":true,"valueName":"search_term_string"}}],"inLanguage":"it-IT"}]}},"_links":{"self":[{"href":"https:\/\/rapidomotosport.hr\/it\/wp-json\/wp\/v2\/product\/55593","targetHints":{"allow":["GET"]}}],"collection":[{"href":"https:\/\/rapidomotosport.hr\/it\/wp-json\/wp\/v2\/product"}],"about":[{"href":"https:\/\/rapidomotosport.hr\/it\/wp-json\/wp\/v2\/types\/product"}],"wp:featuredmedia":[{"embeddable":true,"href":"https:\/\/rapidomotosport.hr\/it\/wp-json\/wp\/v2\/media\/55594"}],"wp:attachment":[{"href":"https:\/\/rapidomotosport.hr\/it\/wp-json\/wp\/v2\/media?parent=55593"}],"wp:term":[{"taxonomy":"product_brand","embeddable":true,"href":"https:\/\/rapidomotosport.hr\/it\/wp-json\/wp\/v2\/product_brand?post=55593"},{"taxonomy":"product_cat","embeddable":true,"href":"https:\/\/rapidomotosport.hr\/it\/wp-json\/wp\/v2\/product_cat?post=55593"},{"taxonomy":"product_tag","embeddable":true,"href":"https:\/\/rapidomotosport.hr\/it\/wp-json\/wp\/v2\/product_tag?post=55593"}],"curies":[{"name":"wp","href":"https:\/\/api.w.org\/{rel}","templated":true}]}}