{"id":55638,"date":"2026-05-12T22:31:49","date_gmt":"2026-05-12T20:31:49","guid":{"rendered":"https:\/\/rapidomotosport.hr\/?post_type=product&#038;p=55638"},"modified":"2026-05-12T22:32:54","modified_gmt":"2026-05-12T20:32:54","slug":"yamaha-yz-65-ohlins-stx-22-cartridge-kit-mx-enduro-2018-2021","status":"publish","type":"product","link":"https:\/\/rapidomotosport.hr\/it\/proizvod\/yamaha-yz-65-ohlins-stx-22-cartridge-kit-mx-enduro-2018-2021\/","title":{"rendered":"YAMAHA YZ 65 \u00d6HLINS STX 22 CARTRIDGE KIT MX &#038; ENDURO 2018-2021"},"content":{"rendered":"","protected":false},"excerpt":{"rendered":"<p>Ovi kitovi su dizajnirani na temelju \u00d6hlins TTX22 cartridge kita za ve\u0107e motocikle i dijele mnoge zna\u010dajke s tim kitovima, kao i iskustvo iz vrhunskog svjetskog utrkivanja. Kao takav, ovo je jedan od najsna\u017enijih cartridge kitova dostupnih za 85cc motocikle.<\/p>\n<p>Ovaj kit je dizajniran tako da minimalno izlazi iznad krajeva nogu vilice, \u0161to omogu\u0107uje da se vilice montiraju visoko u trostrukim stezaljkama (triple clamp) uz mali razmak do upravlja\u010da. To omogu\u0107uje ni\u017ee motocikle za manje voza\u010de u klasi. Pode\u0161iva\u010di (click adjusters) i odzra\u010dni ventil lako su dostupni jer su nagnuti prema van ispod upravlja\u010da.<\/p>\n<p>Kit je tako\u0111er dizajniran tako da posti\u017ee brz i kontinuiran odziv prigu\u0161enja, koji izravno usporava nadolaze\u0107e pokrete bez grubosti. Ima vrlo pouzdanu i konstantnu karakteristiku prigu\u0161enja u svakom hodu i tijekom cijele utrke, pa je pona\u0161anje predvidljivo i dosljedno.<\/p>\n<p data-start=\"0\" data-end=\"15\">TEHNI\u010cKI PODACI<\/p>\n<p data-start=\"17\" data-end=\"74\" data-is-only-node=\"\" data-is-last-node=\"\">Hod: 270 mm<br data-start=\"28\" data-end=\"31\" \/>Pozicija: prednja<br data-start=\"48\" data-end=\"51\" \/>Jedinica pakiranja: par<\/p>\n","protected":false},"featured_media":55635,"template":"","meta":[],"product_brand":[],"product_cat":[1254],"product_tag":[],"class_list":{"0":"post-55638","1":"product","2":"type-product","3":"status-publish","4":"has-post-thumbnail","6":"product_cat-ohlins","8":"first","9":"instock","10":"sale","11":"shipping-taxable","12":"purchasable","13":"product-type-simple"},"yoast_head":"<!-- This site is optimized with the Yoast SEO plugin v27.5 - https:\/\/yoast.com\/product\/yoast-seo-wordpress\/ -->\n<title>YAMAHA YZ 65 \u00d6HLINS STX 22 CARTRIDGE KIT MX &amp; ENDURO 2018-2021 - Rapido Motosport<\/title>\n<meta name=\"robots\" content=\"index, follow, max-snippet:-1, max-image-preview:large, max-video-preview:-1\" \/>\n<link rel=\"canonical\" href=\"https:\/\/rapidomotosport.hr\/it\/proizvod\/yamaha-yz-65-ohlins-stx-22-cartridge-kit-mx-enduro-2018-2021\/\" \/>\n<meta property=\"og:locale\" content=\"it_IT\" \/>\n<meta property=\"og:type\" content=\"article\" \/>\n<meta property=\"og:title\" content=\"YAMAHA YZ 65 \u00d6HLINS STX 22 CARTRIDGE KIT MX &amp; ENDURO 2018-2021 - Rapido Motosport\" \/>\n<meta property=\"og:description\" content=\"Ovi kitovi su dizajnirani na temelju \u00d6hlins TTX22 cartridge kita za ve\u0107e motocikle i dijele mnoge zna\u010dajke s tim kitovima, kao i iskustvo iz vrhunskog svjetskog utrkivanja. Kao takav, ovo je jedan od najsna\u017enijih cartridge kitova dostupnih za 85cc motocikle.  Ovaj kit je dizajniran tako da minimalno izlazi iznad krajeva nogu vilice, \u0161to omogu\u0107uje da se vilice montiraju visoko u trostrukim stezaljkama (triple clamp) uz mali razmak do upravlja\u010da. To omogu\u0107uje ni\u017ee motocikle za manje voza\u010de u klasi. Pode\u0161iva\u010di (click adjusters) i odzra\u010dni ventil lako su dostupni jer su nagnuti prema van ispod upravlja\u010da.  Kit je tako\u0111er dizajniran tako da posti\u017ee brz i kontinuiran odziv prigu\u0161enja, koji izravno usporava nadolaze\u0107e pokrete bez grubosti. Ima vrlo pouzdanu i konstantnu karakteristiku prigu\u0161enja u svakom hodu i tijekom cijele utrke, pa je pona\u0161anje predvidljivo i dosljedno. TEHNI\u010cKI PODACI Hod: 270 mmPozicija: prednjaJedinica pakiranja: par\" \/>\n<meta property=\"og:url\" content=\"https:\/\/rapidomotosport.hr\/it\/proizvod\/yamaha-yz-65-ohlins-stx-22-cartridge-kit-mx-enduro-2018-2021\/\" \/>\n<meta property=\"og:site_name\" content=\"Rapido Motosport\" \/>\n<meta property=\"article:modified_time\" content=\"2026-05-12T20:32:54+00:00\" \/>\n<meta property=\"og:image\" content=\"https:\/\/rapidomotosport.hr\/wp-content\/uploads\/2026\/05\/arbo-2-41.png\" \/>\n\t<meta property=\"og:image:width\" content=\"2048\" \/>\n\t<meta property=\"og:image:height\" content=\"1536\" \/>\n\t<meta property=\"og:image:type\" content=\"image\/png\" \/>\n<meta name=\"twitter:card\" content=\"summary_large_image\" \/>\n<meta name=\"twitter:label1\" content=\"Tempo di lettura stimato\" \/>\n\t<meta name=\"twitter:data1\" content=\"1 minuto\" \/>\n<script type=\"application\/ld+json\" class=\"yoast-schema-graph\">{\"@context\":\"https:\\\/\\\/schema.org\",\"@graph\":[{\"@type\":\"WebPage\",\"@id\":\"https:\\\/\\\/rapidomotosport.hr\\\/it\\\/proizvod\\\/yamaha-yz-65-ohlins-stx-22-cartridge-kit-mx-enduro-2018-2021\\\/\",\"url\":\"https:\\\/\\\/rapidomotosport.hr\\\/it\\\/proizvod\\\/yamaha-yz-65-ohlins-stx-22-cartridge-kit-mx-enduro-2018-2021\\\/\",\"name\":\"YAMAHA YZ 65 \u00d6HLINS STX 22 CARTRIDGE KIT MX & ENDURO 2018-2021 - Rapido Motosport\",\"isPartOf\":{\"@id\":\"https:\\\/\\\/rapidomotosport.hr\\\/it\\\/#website\"},\"primaryImageOfPage\":{\"@id\":\"https:\\\/\\\/rapidomotosport.hr\\\/it\\\/proizvod\\\/yamaha-yz-65-ohlins-stx-22-cartridge-kit-mx-enduro-2018-2021\\\/#primaryimage\"},\"image\":{\"@id\":\"https:\\\/\\\/rapidomotosport.hr\\\/it\\\/proizvod\\\/yamaha-yz-65-ohlins-stx-22-cartridge-kit-mx-enduro-2018-2021\\\/#primaryimage\"},\"thumbnailUrl\":\"https:\\\/\\\/rapidomotosport.hr\\\/wp-content\\\/uploads\\\/2026\\\/05\\\/arbo-2-41.png\",\"datePublished\":\"2026-05-12T20:31:49+00:00\",\"dateModified\":\"2026-05-12T20:32:54+00:00\",\"breadcrumb\":{\"@id\":\"https:\\\/\\\/rapidomotosport.hr\\\/it\\\/proizvod\\\/yamaha-yz-65-ohlins-stx-22-cartridge-kit-mx-enduro-2018-2021\\\/#breadcrumb\"},\"inLanguage\":\"it-IT\",\"potentialAction\":[{\"@type\":\"ReadAction\",\"target\":[\"https:\\\/\\\/rapidomotosport.hr\\\/it\\\/proizvod\\\/yamaha-yz-65-ohlins-stx-22-cartridge-kit-mx-enduro-2018-2021\\\/\"]}]},{\"@type\":\"ImageObject\",\"inLanguage\":\"it-IT\",\"@id\":\"https:\\\/\\\/rapidomotosport.hr\\\/it\\\/proizvod\\\/yamaha-yz-65-ohlins-stx-22-cartridge-kit-mx-enduro-2018-2021\\\/#primaryimage\",\"url\":\"https:\\\/\\\/rapidomotosport.hr\\\/wp-content\\\/uploads\\\/2026\\\/05\\\/arbo-2-41.png\",\"contentUrl\":\"https:\\\/\\\/rapidomotosport.hr\\\/wp-content\\\/uploads\\\/2026\\\/05\\\/arbo-2-41.png\",\"width\":2048,\"height\":1536},{\"@type\":\"BreadcrumbList\",\"@id\":\"https:\\\/\\\/rapidomotosport.hr\\\/it\\\/proizvod\\\/yamaha-yz-65-ohlins-stx-22-cartridge-kit-mx-enduro-2018-2021\\\/#breadcrumb\",\"itemListElement\":[{\"@type\":\"ListItem\",\"position\":1,\"name\":\"Po\u010detna stranica\",\"item\":\"https:\\\/\\\/rapidomotosport.hr\\\/it\\\/\"},{\"@type\":\"ListItem\",\"position\":2,\"name\":\"Negozio\",\"item\":\"https:\\\/\\\/rapidomotosport.hr\\\/it\\\/negozio\\\/\"},{\"@type\":\"ListItem\",\"position\":3,\"name\":\"YAMAHA YZ 65 \u00d6HLINS STX 22 CARTRIDGE KIT MX &#038; ENDURO 2018-2021\"}]},{\"@type\":\"WebSite\",\"@id\":\"https:\\\/\\\/rapidomotosport.hr\\\/it\\\/#website\",\"url\":\"https:\\\/\\\/rapidomotosport.hr\\\/it\\\/\",\"name\":\"Rapido Motosport\",\"description\":\"\",\"potentialAction\":[{\"@type\":\"SearchAction\",\"target\":{\"@type\":\"EntryPoint\",\"urlTemplate\":\"https:\\\/\\\/rapidomotosport.hr\\\/it\\\/?s={search_term_string}\"},\"query-input\":{\"@type\":\"PropertyValueSpecification\",\"valueRequired\":true,\"valueName\":\"search_term_string\"}}],\"inLanguage\":\"it-IT\"}]}<\/script>\n<!-- \/ Yoast SEO plugin. -->","yoast_head_json":{"title":"YAMAHA YZ 65 \u00d6HLINS STX 22 CARTRIDGE KIT MX & ENDURO 2018-2021 - Rapido Motosport","robots":{"index":"index","follow":"follow","max-snippet":"max-snippet:-1","max-image-preview":"max-image-preview:large","max-video-preview":"max-video-preview:-1"},"canonical":"https:\/\/rapidomotosport.hr\/it\/proizvod\/yamaha-yz-65-ohlins-stx-22-cartridge-kit-mx-enduro-2018-2021\/","og_locale":"it_IT","og_type":"article","og_title":"YAMAHA YZ 65 \u00d6HLINS STX 22 CARTRIDGE KIT MX & ENDURO 2018-2021 - Rapido Motosport","og_description":"Ovi kitovi su dizajnirani na temelju \u00d6hlins TTX22 cartridge kita za ve\u0107e motocikle i dijele mnoge zna\u010dajke s tim kitovima, kao i iskustvo iz vrhunskog svjetskog utrkivanja. Kao takav, ovo je jedan od najsna\u017enijih cartridge kitova dostupnih za 85cc motocikle.  Ovaj kit je dizajniran tako da minimalno izlazi iznad krajeva nogu vilice, \u0161to omogu\u0107uje da se vilice montiraju visoko u trostrukim stezaljkama (triple clamp) uz mali razmak do upravlja\u010da. To omogu\u0107uje ni\u017ee motocikle za manje voza\u010de u klasi. Pode\u0161iva\u010di (click adjusters) i odzra\u010dni ventil lako su dostupni jer su nagnuti prema van ispod upravlja\u010da.  Kit je tako\u0111er dizajniran tako da posti\u017ee brz i kontinuiran odziv prigu\u0161enja, koji izravno usporava nadolaze\u0107e pokrete bez grubosti. Ima vrlo pouzdanu i konstantnu karakteristiku prigu\u0161enja u svakom hodu i tijekom cijele utrke, pa je pona\u0161anje predvidljivo i dosljedno. TEHNI\u010cKI PODACI Hod: 270 mmPozicija: prednjaJedinica pakiranja: par","og_url":"https:\/\/rapidomotosport.hr\/it\/proizvod\/yamaha-yz-65-ohlins-stx-22-cartridge-kit-mx-enduro-2018-2021\/","og_site_name":"Rapido Motosport","article_modified_time":"2026-05-12T20:32:54+00:00","og_image":[{"width":2048,"height":1536,"url":"https:\/\/rapidomotosport.hr\/wp-content\/uploads\/2026\/05\/arbo-2-41.png","type":"image\/png"}],"twitter_card":"summary_large_image","twitter_misc":{"Tempo di lettura stimato":"1 minuto"},"schema":{"@context":"https:\/\/schema.org","@graph":[{"@type":"WebPage","@id":"https:\/\/rapidomotosport.hr\/it\/proizvod\/yamaha-yz-65-ohlins-stx-22-cartridge-kit-mx-enduro-2018-2021\/","url":"https:\/\/rapidomotosport.hr\/it\/proizvod\/yamaha-yz-65-ohlins-stx-22-cartridge-kit-mx-enduro-2018-2021\/","name":"YAMAHA YZ 65 \u00d6HLINS STX 22 CARTRIDGE KIT MX & ENDURO 2018-2021 - Rapido Motosport","isPartOf":{"@id":"https:\/\/rapidomotosport.hr\/it\/#website"},"primaryImageOfPage":{"@id":"https:\/\/rapidomotosport.hr\/it\/proizvod\/yamaha-yz-65-ohlins-stx-22-cartridge-kit-mx-enduro-2018-2021\/#primaryimage"},"image":{"@id":"https:\/\/rapidomotosport.hr\/it\/proizvod\/yamaha-yz-65-ohlins-stx-22-cartridge-kit-mx-enduro-2018-2021\/#primaryimage"},"thumbnailUrl":"https:\/\/rapidomotosport.hr\/wp-content\/uploads\/2026\/05\/arbo-2-41.png","datePublished":"2026-05-12T20:31:49+00:00","dateModified":"2026-05-12T20:32:54+00:00","breadcrumb":{"@id":"https:\/\/rapidomotosport.hr\/it\/proizvod\/yamaha-yz-65-ohlins-stx-22-cartridge-kit-mx-enduro-2018-2021\/#breadcrumb"},"inLanguage":"it-IT","potentialAction":[{"@type":"ReadAction","target":["https:\/\/rapidomotosport.hr\/it\/proizvod\/yamaha-yz-65-ohlins-stx-22-cartridge-kit-mx-enduro-2018-2021\/"]}]},{"@type":"ImageObject","inLanguage":"it-IT","@id":"https:\/\/rapidomotosport.hr\/it\/proizvod\/yamaha-yz-65-ohlins-stx-22-cartridge-kit-mx-enduro-2018-2021\/#primaryimage","url":"https:\/\/rapidomotosport.hr\/wp-content\/uploads\/2026\/05\/arbo-2-41.png","contentUrl":"https:\/\/rapidomotosport.hr\/wp-content\/uploads\/2026\/05\/arbo-2-41.png","width":2048,"height":1536},{"@type":"BreadcrumbList","@id":"https:\/\/rapidomotosport.hr\/it\/proizvod\/yamaha-yz-65-ohlins-stx-22-cartridge-kit-mx-enduro-2018-2021\/#breadcrumb","itemListElement":[{"@type":"ListItem","position":1,"name":"Po\u010detna stranica","item":"https:\/\/rapidomotosport.hr\/it\/"},{"@type":"ListItem","position":2,"name":"Negozio","item":"https:\/\/rapidomotosport.hr\/it\/negozio\/"},{"@type":"ListItem","position":3,"name":"YAMAHA YZ 65 \u00d6HLINS STX 22 CARTRIDGE KIT MX &#038; ENDURO 2018-2021"}]},{"@type":"WebSite","@id":"https:\/\/rapidomotosport.hr\/it\/#website","url":"https:\/\/rapidomotosport.hr\/it\/","name":"Rapido Motosport","description":"","potentialAction":[{"@type":"SearchAction","target":{"@type":"EntryPoint","urlTemplate":"https:\/\/rapidomotosport.hr\/it\/?s={search_term_string}"},"query-input":{"@type":"PropertyValueSpecification","valueRequired":true,"valueName":"search_term_string"}}],"inLanguage":"it-IT"}]}},"_links":{"self":[{"href":"https:\/\/rapidomotosport.hr\/it\/wp-json\/wp\/v2\/product\/55638","targetHints":{"allow":["GET"]}}],"collection":[{"href":"https:\/\/rapidomotosport.hr\/it\/wp-json\/wp\/v2\/product"}],"about":[{"href":"https:\/\/rapidomotosport.hr\/it\/wp-json\/wp\/v2\/types\/product"}],"wp:featuredmedia":[{"embeddable":true,"href":"https:\/\/rapidomotosport.hr\/it\/wp-json\/wp\/v2\/media\/55635"}],"wp:attachment":[{"href":"https:\/\/rapidomotosport.hr\/it\/wp-json\/wp\/v2\/media?parent=55638"}],"wp:term":[{"taxonomy":"product_brand","embeddable":true,"href":"https:\/\/rapidomotosport.hr\/it\/wp-json\/wp\/v2\/product_brand?post=55638"},{"taxonomy":"product_cat","embeddable":true,"href":"https:\/\/rapidomotosport.hr\/it\/wp-json\/wp\/v2\/product_cat?post=55638"},{"taxonomy":"product_tag","embeddable":true,"href":"https:\/\/rapidomotosport.hr\/it\/wp-json\/wp\/v2\/product_tag?post=55638"}],"curies":[{"name":"wp","href":"https:\/\/api.w.org\/{rel}","templated":true}]}}