{"id":55640,"date":"2026-05-12T22:36:56","date_gmt":"2026-05-12T20:36:56","guid":{"rendered":"https:\/\/rapidomotosport.hr\/?post_type=product&#038;p=55640"},"modified":"2026-05-12T22:38:10","modified_gmt":"2026-05-12T20:38:10","slug":"yamaha-yz-85-ohlins-stx-46-mx-enduro-shock-absorber-2019-2021","status":"publish","type":"product","link":"https:\/\/rapidomotosport.hr\/it\/proizvod\/yamaha-yz-85-ohlins-stx-46-mx-enduro-shock-absorber-2019-2021\/","title":{"rendered":"YAMAHA YZ 85 \u00d6HLINS STX 46 MX &#038; ENDURO SHOCK ABSORBER 2019-2021"},"content":{"rendered":"","protected":false},"excerpt":{"rendered":"<p>\u00d6hlins MX &amp; Enduro amortizeri isporu\u010duju se bez opruge. Ispravna opruga za te\u017einu voza\u010da mora se naru\u010diti zasebno. Informacije o odgovaraju\u0107oj seriji opruga, kao i preporuke za tvrdo\u0107u opruge, mogu se prona\u0107i u detaljima proizvoda i u uputama za ugradnju.<\/p>\n<p>TEHNI\u010cKI PODACI<\/p>\n<p>Pozicija: stra\u017enja<br \/>\nSerija opruge: 00698-Serie<\/p>\n","protected":false},"featured_media":55631,"template":"","meta":[],"product_brand":[],"product_cat":[1254],"product_tag":[],"class_list":{"0":"post-55640","1":"product","2":"type-product","3":"status-publish","4":"has-post-thumbnail","6":"product_cat-ohlins","8":"first","9":"instock","10":"sale","11":"shipping-taxable","12":"purchasable","13":"product-type-simple"},"yoast_head":"<!-- This site is optimized with the Yoast SEO plugin v27.5 - https:\/\/yoast.com\/product\/yoast-seo-wordpress\/ -->\n<title>YAMAHA YZ 85 \u00d6HLINS STX 46 MX &amp; ENDURO SHOCK ABSORBER 2019-2021 - Rapido Motosport<\/title>\n<meta name=\"robots\" content=\"index, follow, max-snippet:-1, max-image-preview:large, max-video-preview:-1\" \/>\n<link rel=\"canonical\" href=\"https:\/\/rapidomotosport.hr\/it\/proizvod\/yamaha-yz-85-ohlins-stx-46-mx-enduro-shock-absorber-2019-2021\/\" \/>\n<meta property=\"og:locale\" content=\"it_IT\" \/>\n<meta property=\"og:type\" content=\"article\" \/>\n<meta property=\"og:title\" content=\"YAMAHA YZ 85 \u00d6HLINS STX 46 MX &amp; ENDURO SHOCK ABSORBER 2019-2021 - Rapido Motosport\" \/>\n<meta property=\"og:description\" content=\"\u00d6hlins MX &amp; Enduro amortizeri isporu\u010duju se bez opruge. Ispravna opruga za te\u017einu voza\u010da mora se naru\u010diti zasebno. Informacije o odgovaraju\u0107oj seriji opruga, kao i preporuke za tvrdo\u0107u opruge, mogu se prona\u0107i u detaljima proizvoda i u uputama za ugradnju.  TEHNI\u010cKI PODACI  Pozicija: stra\u017enja Serija opruge: 00698-Serie\" \/>\n<meta property=\"og:url\" content=\"https:\/\/rapidomotosport.hr\/it\/proizvod\/yamaha-yz-85-ohlins-stx-46-mx-enduro-shock-absorber-2019-2021\/\" \/>\n<meta property=\"og:site_name\" content=\"Rapido Motosport\" \/>\n<meta property=\"article:modified_time\" content=\"2026-05-12T20:38:10+00:00\" \/>\n<meta property=\"og:image\" content=\"https:\/\/rapidomotosport.hr\/wp-content\/uploads\/2026\/05\/arbo-2-40.png\" \/>\n\t<meta property=\"og:image:width\" content=\"2048\" \/>\n\t<meta property=\"og:image:height\" content=\"1536\" \/>\n\t<meta property=\"og:image:type\" content=\"image\/png\" \/>\n<meta name=\"twitter:card\" content=\"summary_large_image\" \/>\n<meta name=\"twitter:label1\" content=\"Tempo di lettura stimato\" \/>\n\t<meta name=\"twitter:data1\" content=\"1 minuto\" \/>\n<script type=\"application\/ld+json\" class=\"yoast-schema-graph\">{\"@context\":\"https:\\\/\\\/schema.org\",\"@graph\":[{\"@type\":\"WebPage\",\"@id\":\"https:\\\/\\\/rapidomotosport.hr\\\/it\\\/proizvod\\\/yamaha-yz-85-ohlins-stx-46-mx-enduro-shock-absorber-2019-2021\\\/\",\"url\":\"https:\\\/\\\/rapidomotosport.hr\\\/it\\\/proizvod\\\/yamaha-yz-85-ohlins-stx-46-mx-enduro-shock-absorber-2019-2021\\\/\",\"name\":\"YAMAHA YZ 85 \u00d6HLINS STX 46 MX & ENDURO SHOCK ABSORBER 2019-2021 - Rapido Motosport\",\"isPartOf\":{\"@id\":\"https:\\\/\\\/rapidomotosport.hr\\\/it\\\/#website\"},\"primaryImageOfPage\":{\"@id\":\"https:\\\/\\\/rapidomotosport.hr\\\/it\\\/proizvod\\\/yamaha-yz-85-ohlins-stx-46-mx-enduro-shock-absorber-2019-2021\\\/#primaryimage\"},\"image\":{\"@id\":\"https:\\\/\\\/rapidomotosport.hr\\\/it\\\/proizvod\\\/yamaha-yz-85-ohlins-stx-46-mx-enduro-shock-absorber-2019-2021\\\/#primaryimage\"},\"thumbnailUrl\":\"https:\\\/\\\/rapidomotosport.hr\\\/wp-content\\\/uploads\\\/2026\\\/05\\\/arbo-2-40.png\",\"datePublished\":\"2026-05-12T20:36:56+00:00\",\"dateModified\":\"2026-05-12T20:38:10+00:00\",\"breadcrumb\":{\"@id\":\"https:\\\/\\\/rapidomotosport.hr\\\/it\\\/proizvod\\\/yamaha-yz-85-ohlins-stx-46-mx-enduro-shock-absorber-2019-2021\\\/#breadcrumb\"},\"inLanguage\":\"it-IT\",\"potentialAction\":[{\"@type\":\"ReadAction\",\"target\":[\"https:\\\/\\\/rapidomotosport.hr\\\/it\\\/proizvod\\\/yamaha-yz-85-ohlins-stx-46-mx-enduro-shock-absorber-2019-2021\\\/\"]}]},{\"@type\":\"ImageObject\",\"inLanguage\":\"it-IT\",\"@id\":\"https:\\\/\\\/rapidomotosport.hr\\\/it\\\/proizvod\\\/yamaha-yz-85-ohlins-stx-46-mx-enduro-shock-absorber-2019-2021\\\/#primaryimage\",\"url\":\"https:\\\/\\\/rapidomotosport.hr\\\/wp-content\\\/uploads\\\/2026\\\/05\\\/arbo-2-40.png\",\"contentUrl\":\"https:\\\/\\\/rapidomotosport.hr\\\/wp-content\\\/uploads\\\/2026\\\/05\\\/arbo-2-40.png\",\"width\":2048,\"height\":1536},{\"@type\":\"BreadcrumbList\",\"@id\":\"https:\\\/\\\/rapidomotosport.hr\\\/it\\\/proizvod\\\/yamaha-yz-85-ohlins-stx-46-mx-enduro-shock-absorber-2019-2021\\\/#breadcrumb\",\"itemListElement\":[{\"@type\":\"ListItem\",\"position\":1,\"name\":\"Po\u010detna stranica\",\"item\":\"https:\\\/\\\/rapidomotosport.hr\\\/it\\\/\"},{\"@type\":\"ListItem\",\"position\":2,\"name\":\"Negozio\",\"item\":\"https:\\\/\\\/rapidomotosport.hr\\\/it\\\/negozio\\\/\"},{\"@type\":\"ListItem\",\"position\":3,\"name\":\"YAMAHA YZ 85 \u00d6HLINS STX 46 MX &#038; ENDURO SHOCK ABSORBER 2019-2021\"}]},{\"@type\":\"WebSite\",\"@id\":\"https:\\\/\\\/rapidomotosport.hr\\\/it\\\/#website\",\"url\":\"https:\\\/\\\/rapidomotosport.hr\\\/it\\\/\",\"name\":\"Rapido Motosport\",\"description\":\"\",\"potentialAction\":[{\"@type\":\"SearchAction\",\"target\":{\"@type\":\"EntryPoint\",\"urlTemplate\":\"https:\\\/\\\/rapidomotosport.hr\\\/it\\\/?s={search_term_string}\"},\"query-input\":{\"@type\":\"PropertyValueSpecification\",\"valueRequired\":true,\"valueName\":\"search_term_string\"}}],\"inLanguage\":\"it-IT\"}]}<\/script>\n<!-- \/ Yoast SEO plugin. -->","yoast_head_json":{"title":"YAMAHA YZ 85 \u00d6HLINS STX 46 MX & ENDURO SHOCK ABSORBER 2019-2021 - Rapido Motosport","robots":{"index":"index","follow":"follow","max-snippet":"max-snippet:-1","max-image-preview":"max-image-preview:large","max-video-preview":"max-video-preview:-1"},"canonical":"https:\/\/rapidomotosport.hr\/it\/proizvod\/yamaha-yz-85-ohlins-stx-46-mx-enduro-shock-absorber-2019-2021\/","og_locale":"it_IT","og_type":"article","og_title":"YAMAHA YZ 85 \u00d6HLINS STX 46 MX & ENDURO SHOCK ABSORBER 2019-2021 - Rapido Motosport","og_description":"\u00d6hlins MX &amp; Enduro amortizeri isporu\u010duju se bez opruge. Ispravna opruga za te\u017einu voza\u010da mora se naru\u010diti zasebno. Informacije o odgovaraju\u0107oj seriji opruga, kao i preporuke za tvrdo\u0107u opruge, mogu se prona\u0107i u detaljima proizvoda i u uputama za ugradnju.  TEHNI\u010cKI PODACI  Pozicija: stra\u017enja Serija opruge: 00698-Serie","og_url":"https:\/\/rapidomotosport.hr\/it\/proizvod\/yamaha-yz-85-ohlins-stx-46-mx-enduro-shock-absorber-2019-2021\/","og_site_name":"Rapido Motosport","article_modified_time":"2026-05-12T20:38:10+00:00","og_image":[{"width":2048,"height":1536,"url":"https:\/\/rapidomotosport.hr\/wp-content\/uploads\/2026\/05\/arbo-2-40.png","type":"image\/png"}],"twitter_card":"summary_large_image","twitter_misc":{"Tempo di lettura stimato":"1 minuto"},"schema":{"@context":"https:\/\/schema.org","@graph":[{"@type":"WebPage","@id":"https:\/\/rapidomotosport.hr\/it\/proizvod\/yamaha-yz-85-ohlins-stx-46-mx-enduro-shock-absorber-2019-2021\/","url":"https:\/\/rapidomotosport.hr\/it\/proizvod\/yamaha-yz-85-ohlins-stx-46-mx-enduro-shock-absorber-2019-2021\/","name":"YAMAHA YZ 85 \u00d6HLINS STX 46 MX & ENDURO SHOCK ABSORBER 2019-2021 - Rapido Motosport","isPartOf":{"@id":"https:\/\/rapidomotosport.hr\/it\/#website"},"primaryImageOfPage":{"@id":"https:\/\/rapidomotosport.hr\/it\/proizvod\/yamaha-yz-85-ohlins-stx-46-mx-enduro-shock-absorber-2019-2021\/#primaryimage"},"image":{"@id":"https:\/\/rapidomotosport.hr\/it\/proizvod\/yamaha-yz-85-ohlins-stx-46-mx-enduro-shock-absorber-2019-2021\/#primaryimage"},"thumbnailUrl":"https:\/\/rapidomotosport.hr\/wp-content\/uploads\/2026\/05\/arbo-2-40.png","datePublished":"2026-05-12T20:36:56+00:00","dateModified":"2026-05-12T20:38:10+00:00","breadcrumb":{"@id":"https:\/\/rapidomotosport.hr\/it\/proizvod\/yamaha-yz-85-ohlins-stx-46-mx-enduro-shock-absorber-2019-2021\/#breadcrumb"},"inLanguage":"it-IT","potentialAction":[{"@type":"ReadAction","target":["https:\/\/rapidomotosport.hr\/it\/proizvod\/yamaha-yz-85-ohlins-stx-46-mx-enduro-shock-absorber-2019-2021\/"]}]},{"@type":"ImageObject","inLanguage":"it-IT","@id":"https:\/\/rapidomotosport.hr\/it\/proizvod\/yamaha-yz-85-ohlins-stx-46-mx-enduro-shock-absorber-2019-2021\/#primaryimage","url":"https:\/\/rapidomotosport.hr\/wp-content\/uploads\/2026\/05\/arbo-2-40.png","contentUrl":"https:\/\/rapidomotosport.hr\/wp-content\/uploads\/2026\/05\/arbo-2-40.png","width":2048,"height":1536},{"@type":"BreadcrumbList","@id":"https:\/\/rapidomotosport.hr\/it\/proizvod\/yamaha-yz-85-ohlins-stx-46-mx-enduro-shock-absorber-2019-2021\/#breadcrumb","itemListElement":[{"@type":"ListItem","position":1,"name":"Po\u010detna stranica","item":"https:\/\/rapidomotosport.hr\/it\/"},{"@type":"ListItem","position":2,"name":"Negozio","item":"https:\/\/rapidomotosport.hr\/it\/negozio\/"},{"@type":"ListItem","position":3,"name":"YAMAHA YZ 85 \u00d6HLINS STX 46 MX &#038; ENDURO SHOCK ABSORBER 2019-2021"}]},{"@type":"WebSite","@id":"https:\/\/rapidomotosport.hr\/it\/#website","url":"https:\/\/rapidomotosport.hr\/it\/","name":"Rapido Motosport","description":"","potentialAction":[{"@type":"SearchAction","target":{"@type":"EntryPoint","urlTemplate":"https:\/\/rapidomotosport.hr\/it\/?s={search_term_string}"},"query-input":{"@type":"PropertyValueSpecification","valueRequired":true,"valueName":"search_term_string"}}],"inLanguage":"it-IT"}]}},"_links":{"self":[{"href":"https:\/\/rapidomotosport.hr\/it\/wp-json\/wp\/v2\/product\/55640","targetHints":{"allow":["GET"]}}],"collection":[{"href":"https:\/\/rapidomotosport.hr\/it\/wp-json\/wp\/v2\/product"}],"about":[{"href":"https:\/\/rapidomotosport.hr\/it\/wp-json\/wp\/v2\/types\/product"}],"wp:featuredmedia":[{"embeddable":true,"href":"https:\/\/rapidomotosport.hr\/it\/wp-json\/wp\/v2\/media\/55631"}],"wp:attachment":[{"href":"https:\/\/rapidomotosport.hr\/it\/wp-json\/wp\/v2\/media?parent=55640"}],"wp:term":[{"taxonomy":"product_brand","embeddable":true,"href":"https:\/\/rapidomotosport.hr\/it\/wp-json\/wp\/v2\/product_brand?post=55640"},{"taxonomy":"product_cat","embeddable":true,"href":"https:\/\/rapidomotosport.hr\/it\/wp-json\/wp\/v2\/product_cat?post=55640"},{"taxonomy":"product_tag","embeddable":true,"href":"https:\/\/rapidomotosport.hr\/it\/wp-json\/wp\/v2\/product_tag?post=55640"}],"curies":[{"name":"wp","href":"https:\/\/api.w.org\/{rel}","templated":true}]}}