{"id":55641,"date":"2026-05-12T22:41:27","date_gmt":"2026-05-12T20:41:27","guid":{"rendered":"https:\/\/rapidomotosport.hr\/?post_type=product&#038;p=55641"},"modified":"2026-05-12T22:44:16","modified_gmt":"2026-05-12T20:44:16","slug":"yamaha-r1-ohlins-stx-46-supersport-shock-absorber-2004-2006","status":"publish","type":"product","link":"https:\/\/rapidomotosport.hr\/it\/proizvod\/yamaha-r1-ohlins-stx-46-supersport-shock-absorber-2004-2006\/","title":{"rendered":"YAMAHA R1 \u00d6HLINS STX 46 SUPERSPORT SHOCK ABSORBER 2004-2006"},"content":{"rendered":"","protected":false},"excerpt":{"rendered":"<p>\u00d6hlins STX 46 Supersport amortizer posebno je dizajniran za manje supersport modele i koristi provjerenu monotube konstrukciju i kvalitetu izrade. Ovaj stra\u017enji amortizer predstavlja svestranu opciju za voza\u010de koji zahtijevaju najbolje u pogledu udobnosti i performansi. Dobivate samopouzdano upravljanje u zavojima za vo\u017enju na stazi te pobolj\u0161anu udobnost za svakodnevnu vo\u017enju ili vikend ture \u2014 STX 46 Supersport spaja najbolje iz oba svijeta.<\/p>\n<p>Yamaha YZF-R1 STX46 Supersport amortizer ima sustav prigu\u0161enja pod tlakom plina, s vanjskim spremnikom montiranim na crijevo kako bi se odr\u017eao optimalan tlak i temperatura u ekstremnim uvjetima vo\u017enje.<\/p>\n<p>Potpuno podesivo kompresijsko prigu\u0161enje za visoke i niske brzine te povratno prigu\u0161enje omogu\u0107uju vam precizno pode\u0161avanje postavki, bilo za vo\u017enju na stazi ili svakodnevnu upotrebu. Za dodatnu prilagodbu, amortizer ima i regulator duljine koji omogu\u0107uje promjenu visine motocikla bez utjecaja na hod ovjesa. Tako\u0111er je opremljen hidrauli\u010dnim regulatorom prednaprezanja montiranim na crijevo, \u0161to omogu\u0107uje pode\u0161avanje prednaprezanja opruge bez alata.<\/p>\n<p>TEHNI\u010cKI PODACI<\/p>\n<p>Duljina: 300 +6\/-0 mm<br \/>\nHod: 64,5 mm<br \/>\nTvrdo\u0107a opruge: 95 N\/mm<br \/>\nUgra\u0111ena opruga: 01093-31<\/p>\n","protected":false},"featured_media":55279,"template":"","meta":[],"product_brand":[],"product_cat":[1254],"product_tag":[],"class_list":{"0":"post-55641","1":"product","2":"type-product","3":"status-publish","4":"has-post-thumbnail","6":"product_cat-ohlins","8":"first","9":"instock","10":"sale","11":"shipping-taxable","12":"purchasable","13":"product-type-simple"},"yoast_head":"<!-- This site is optimized with the Yoast SEO plugin v27.5 - https:\/\/yoast.com\/product\/yoast-seo-wordpress\/ -->\n<title>YAMAHA R1 \u00d6HLINS STX 46 SUPERSPORT SHOCK ABSORBER 2004-2006 - Rapido Motosport<\/title>\n<meta name=\"robots\" content=\"index, follow, max-snippet:-1, max-image-preview:large, max-video-preview:-1\" \/>\n<link rel=\"canonical\" href=\"https:\/\/rapidomotosport.hr\/it\/proizvod\/yamaha-r1-ohlins-stx-46-supersport-shock-absorber-2004-2006\/\" \/>\n<meta property=\"og:locale\" content=\"it_IT\" \/>\n<meta property=\"og:type\" content=\"article\" \/>\n<meta property=\"og:title\" content=\"YAMAHA R1 \u00d6HLINS STX 46 SUPERSPORT SHOCK ABSORBER 2004-2006 - Rapido Motosport\" \/>\n<meta property=\"og:description\" content=\"\u00d6hlins STX 46 Supersport amortizer posebno je dizajniran za manje supersport modele i koristi provjerenu monotube konstrukciju i kvalitetu izrade. Ovaj stra\u017enji amortizer predstavlja svestranu opciju za voza\u010de koji zahtijevaju najbolje u pogledu udobnosti i performansi. Dobivate samopouzdano upravljanje u zavojima za vo\u017enju na stazi te pobolj\u0161anu udobnost za svakodnevnu vo\u017enju ili vikend ture \u2014 STX 46 Supersport spaja najbolje iz oba svijeta.  Yamaha YZF-R1 STX46 Supersport amortizer ima sustav prigu\u0161enja pod tlakom plina, s vanjskim spremnikom montiranim na crijevo kako bi se odr\u017eao optimalan tlak i temperatura u ekstremnim uvjetima vo\u017enje.  Potpuno podesivo kompresijsko prigu\u0161enje za visoke i niske brzine te povratno prigu\u0161enje omogu\u0107uju vam precizno pode\u0161avanje postavki, bilo za vo\u017enju na stazi ili svakodnevnu upotrebu. Za dodatnu prilagodbu, amortizer ima i regulator duljine koji omogu\u0107uje promjenu visine motocikla bez utjecaja na hod ovjesa. Tako\u0111er je opremljen hidrauli\u010dnim regulatorom prednaprezanja montiranim na crijevo, \u0161to omogu\u0107uje pode\u0161avanje prednaprezanja opruge bez alata.  TEHNI\u010cKI PODACI  Duljina: 300 +6\/-0 mm Hod: 64,5 mm Tvrdo\u0107a opruge: 95 N\/mm Ugra\u0111ena opruga: 01093-31\" \/>\n<meta property=\"og:url\" content=\"https:\/\/rapidomotosport.hr\/it\/proizvod\/yamaha-r1-ohlins-stx-46-supersport-shock-absorber-2004-2006\/\" \/>\n<meta property=\"og:site_name\" content=\"Rapido Motosport\" \/>\n<meta property=\"article:modified_time\" content=\"2026-05-12T20:44:16+00:00\" \/>\n<meta property=\"og:image\" content=\"https:\/\/rapidomotosport.hr\/wp-content\/uploads\/2026\/05\/arbo-2-6.png\" \/>\n\t<meta property=\"og:image:width\" content=\"2048\" \/>\n\t<meta property=\"og:image:height\" content=\"1536\" \/>\n\t<meta property=\"og:image:type\" content=\"image\/png\" \/>\n<meta name=\"twitter:card\" content=\"summary_large_image\" \/>\n<meta name=\"twitter:label1\" content=\"Tempo di lettura stimato\" \/>\n\t<meta name=\"twitter:data1\" content=\"1 minuto\" \/>\n<script type=\"application\/ld+json\" class=\"yoast-schema-graph\">{\"@context\":\"https:\\\/\\\/schema.org\",\"@graph\":[{\"@type\":\"WebPage\",\"@id\":\"https:\\\/\\\/rapidomotosport.hr\\\/it\\\/proizvod\\\/yamaha-r1-ohlins-stx-46-supersport-shock-absorber-2004-2006\\\/\",\"url\":\"https:\\\/\\\/rapidomotosport.hr\\\/it\\\/proizvod\\\/yamaha-r1-ohlins-stx-46-supersport-shock-absorber-2004-2006\\\/\",\"name\":\"YAMAHA R1 \u00d6HLINS STX 46 SUPERSPORT SHOCK ABSORBER 2004-2006 - Rapido Motosport\",\"isPartOf\":{\"@id\":\"https:\\\/\\\/rapidomotosport.hr\\\/it\\\/#website\"},\"primaryImageOfPage\":{\"@id\":\"https:\\\/\\\/rapidomotosport.hr\\\/it\\\/proizvod\\\/yamaha-r1-ohlins-stx-46-supersport-shock-absorber-2004-2006\\\/#primaryimage\"},\"image\":{\"@id\":\"https:\\\/\\\/rapidomotosport.hr\\\/it\\\/proizvod\\\/yamaha-r1-ohlins-stx-46-supersport-shock-absorber-2004-2006\\\/#primaryimage\"},\"thumbnailUrl\":\"https:\\\/\\\/rapidomotosport.hr\\\/wp-content\\\/uploads\\\/2026\\\/05\\\/arbo-2-6.png\",\"datePublished\":\"2026-05-12T20:41:27+00:00\",\"dateModified\":\"2026-05-12T20:44:16+00:00\",\"breadcrumb\":{\"@id\":\"https:\\\/\\\/rapidomotosport.hr\\\/it\\\/proizvod\\\/yamaha-r1-ohlins-stx-46-supersport-shock-absorber-2004-2006\\\/#breadcrumb\"},\"inLanguage\":\"it-IT\",\"potentialAction\":[{\"@type\":\"ReadAction\",\"target\":[\"https:\\\/\\\/rapidomotosport.hr\\\/it\\\/proizvod\\\/yamaha-r1-ohlins-stx-46-supersport-shock-absorber-2004-2006\\\/\"]}]},{\"@type\":\"ImageObject\",\"inLanguage\":\"it-IT\",\"@id\":\"https:\\\/\\\/rapidomotosport.hr\\\/it\\\/proizvod\\\/yamaha-r1-ohlins-stx-46-supersport-shock-absorber-2004-2006\\\/#primaryimage\",\"url\":\"https:\\\/\\\/rapidomotosport.hr\\\/wp-content\\\/uploads\\\/2026\\\/05\\\/arbo-2-6.png\",\"contentUrl\":\"https:\\\/\\\/rapidomotosport.hr\\\/wp-content\\\/uploads\\\/2026\\\/05\\\/arbo-2-6.png\",\"width\":2048,\"height\":1536},{\"@type\":\"BreadcrumbList\",\"@id\":\"https:\\\/\\\/rapidomotosport.hr\\\/it\\\/proizvod\\\/yamaha-r1-ohlins-stx-46-supersport-shock-absorber-2004-2006\\\/#breadcrumb\",\"itemListElement\":[{\"@type\":\"ListItem\",\"position\":1,\"name\":\"Po\u010detna stranica\",\"item\":\"https:\\\/\\\/rapidomotosport.hr\\\/it\\\/\"},{\"@type\":\"ListItem\",\"position\":2,\"name\":\"Negozio\",\"item\":\"https:\\\/\\\/rapidomotosport.hr\\\/it\\\/negozio\\\/\"},{\"@type\":\"ListItem\",\"position\":3,\"name\":\"YAMAHA R1 \u00d6HLINS STX 46 SUPERSPORT SHOCK ABSORBER 2004-2006\"}]},{\"@type\":\"WebSite\",\"@id\":\"https:\\\/\\\/rapidomotosport.hr\\\/it\\\/#website\",\"url\":\"https:\\\/\\\/rapidomotosport.hr\\\/it\\\/\",\"name\":\"Rapido Motosport\",\"description\":\"\",\"potentialAction\":[{\"@type\":\"SearchAction\",\"target\":{\"@type\":\"EntryPoint\",\"urlTemplate\":\"https:\\\/\\\/rapidomotosport.hr\\\/it\\\/?s={search_term_string}\"},\"query-input\":{\"@type\":\"PropertyValueSpecification\",\"valueRequired\":true,\"valueName\":\"search_term_string\"}}],\"inLanguage\":\"it-IT\"}]}<\/script>\n<!-- \/ Yoast SEO plugin. -->","yoast_head_json":{"title":"YAMAHA R1 \u00d6HLINS STX 46 SUPERSPORT SHOCK ABSORBER 2004-2006 - Rapido Motosport","robots":{"index":"index","follow":"follow","max-snippet":"max-snippet:-1","max-image-preview":"max-image-preview:large","max-video-preview":"max-video-preview:-1"},"canonical":"https:\/\/rapidomotosport.hr\/it\/proizvod\/yamaha-r1-ohlins-stx-46-supersport-shock-absorber-2004-2006\/","og_locale":"it_IT","og_type":"article","og_title":"YAMAHA R1 \u00d6HLINS STX 46 SUPERSPORT SHOCK ABSORBER 2004-2006 - Rapido Motosport","og_description":"\u00d6hlins STX 46 Supersport amortizer posebno je dizajniran za manje supersport modele i koristi provjerenu monotube konstrukciju i kvalitetu izrade. Ovaj stra\u017enji amortizer predstavlja svestranu opciju za voza\u010de koji zahtijevaju najbolje u pogledu udobnosti i performansi. Dobivate samopouzdano upravljanje u zavojima za vo\u017enju na stazi te pobolj\u0161anu udobnost za svakodnevnu vo\u017enju ili vikend ture \u2014 STX 46 Supersport spaja najbolje iz oba svijeta.  Yamaha YZF-R1 STX46 Supersport amortizer ima sustav prigu\u0161enja pod tlakom plina, s vanjskim spremnikom montiranim na crijevo kako bi se odr\u017eao optimalan tlak i temperatura u ekstremnim uvjetima vo\u017enje.  Potpuno podesivo kompresijsko prigu\u0161enje za visoke i niske brzine te povratno prigu\u0161enje omogu\u0107uju vam precizno pode\u0161avanje postavki, bilo za vo\u017enju na stazi ili svakodnevnu upotrebu. Za dodatnu prilagodbu, amortizer ima i regulator duljine koji omogu\u0107uje promjenu visine motocikla bez utjecaja na hod ovjesa. Tako\u0111er je opremljen hidrauli\u010dnim regulatorom prednaprezanja montiranim na crijevo, \u0161to omogu\u0107uje pode\u0161avanje prednaprezanja opruge bez alata.  TEHNI\u010cKI PODACI  Duljina: 300 +6\/-0 mm Hod: 64,5 mm Tvrdo\u0107a opruge: 95 N\/mm Ugra\u0111ena opruga: 01093-31","og_url":"https:\/\/rapidomotosport.hr\/it\/proizvod\/yamaha-r1-ohlins-stx-46-supersport-shock-absorber-2004-2006\/","og_site_name":"Rapido Motosport","article_modified_time":"2026-05-12T20:44:16+00:00","og_image":[{"width":2048,"height":1536,"url":"https:\/\/rapidomotosport.hr\/wp-content\/uploads\/2026\/05\/arbo-2-6.png","type":"image\/png"}],"twitter_card":"summary_large_image","twitter_misc":{"Tempo di lettura stimato":"1 minuto"},"schema":{"@context":"https:\/\/schema.org","@graph":[{"@type":"WebPage","@id":"https:\/\/rapidomotosport.hr\/it\/proizvod\/yamaha-r1-ohlins-stx-46-supersport-shock-absorber-2004-2006\/","url":"https:\/\/rapidomotosport.hr\/it\/proizvod\/yamaha-r1-ohlins-stx-46-supersport-shock-absorber-2004-2006\/","name":"YAMAHA R1 \u00d6HLINS STX 46 SUPERSPORT SHOCK ABSORBER 2004-2006 - Rapido Motosport","isPartOf":{"@id":"https:\/\/rapidomotosport.hr\/it\/#website"},"primaryImageOfPage":{"@id":"https:\/\/rapidomotosport.hr\/it\/proizvod\/yamaha-r1-ohlins-stx-46-supersport-shock-absorber-2004-2006\/#primaryimage"},"image":{"@id":"https:\/\/rapidomotosport.hr\/it\/proizvod\/yamaha-r1-ohlins-stx-46-supersport-shock-absorber-2004-2006\/#primaryimage"},"thumbnailUrl":"https:\/\/rapidomotosport.hr\/wp-content\/uploads\/2026\/05\/arbo-2-6.png","datePublished":"2026-05-12T20:41:27+00:00","dateModified":"2026-05-12T20:44:16+00:00","breadcrumb":{"@id":"https:\/\/rapidomotosport.hr\/it\/proizvod\/yamaha-r1-ohlins-stx-46-supersport-shock-absorber-2004-2006\/#breadcrumb"},"inLanguage":"it-IT","potentialAction":[{"@type":"ReadAction","target":["https:\/\/rapidomotosport.hr\/it\/proizvod\/yamaha-r1-ohlins-stx-46-supersport-shock-absorber-2004-2006\/"]}]},{"@type":"ImageObject","inLanguage":"it-IT","@id":"https:\/\/rapidomotosport.hr\/it\/proizvod\/yamaha-r1-ohlins-stx-46-supersport-shock-absorber-2004-2006\/#primaryimage","url":"https:\/\/rapidomotosport.hr\/wp-content\/uploads\/2026\/05\/arbo-2-6.png","contentUrl":"https:\/\/rapidomotosport.hr\/wp-content\/uploads\/2026\/05\/arbo-2-6.png","width":2048,"height":1536},{"@type":"BreadcrumbList","@id":"https:\/\/rapidomotosport.hr\/it\/proizvod\/yamaha-r1-ohlins-stx-46-supersport-shock-absorber-2004-2006\/#breadcrumb","itemListElement":[{"@type":"ListItem","position":1,"name":"Po\u010detna stranica","item":"https:\/\/rapidomotosport.hr\/it\/"},{"@type":"ListItem","position":2,"name":"Negozio","item":"https:\/\/rapidomotosport.hr\/it\/negozio\/"},{"@type":"ListItem","position":3,"name":"YAMAHA R1 \u00d6HLINS STX 46 SUPERSPORT SHOCK ABSORBER 2004-2006"}]},{"@type":"WebSite","@id":"https:\/\/rapidomotosport.hr\/it\/#website","url":"https:\/\/rapidomotosport.hr\/it\/","name":"Rapido Motosport","description":"","potentialAction":[{"@type":"SearchAction","target":{"@type":"EntryPoint","urlTemplate":"https:\/\/rapidomotosport.hr\/it\/?s={search_term_string}"},"query-input":{"@type":"PropertyValueSpecification","valueRequired":true,"valueName":"search_term_string"}}],"inLanguage":"it-IT"}]}},"_links":{"self":[{"href":"https:\/\/rapidomotosport.hr\/it\/wp-json\/wp\/v2\/product\/55641","targetHints":{"allow":["GET"]}}],"collection":[{"href":"https:\/\/rapidomotosport.hr\/it\/wp-json\/wp\/v2\/product"}],"about":[{"href":"https:\/\/rapidomotosport.hr\/it\/wp-json\/wp\/v2\/types\/product"}],"wp:featuredmedia":[{"embeddable":true,"href":"https:\/\/rapidomotosport.hr\/it\/wp-json\/wp\/v2\/media\/55279"}],"wp:attachment":[{"href":"https:\/\/rapidomotosport.hr\/it\/wp-json\/wp\/v2\/media?parent=55641"}],"wp:term":[{"taxonomy":"product_brand","embeddable":true,"href":"https:\/\/rapidomotosport.hr\/it\/wp-json\/wp\/v2\/product_brand?post=55641"},{"taxonomy":"product_cat","embeddable":true,"href":"https:\/\/rapidomotosport.hr\/it\/wp-json\/wp\/v2\/product_cat?post=55641"},{"taxonomy":"product_tag","embeddable":true,"href":"https:\/\/rapidomotosport.hr\/it\/wp-json\/wp\/v2\/product_tag?post=55641"}],"curies":[{"name":"wp","href":"https:\/\/api.w.org\/{rel}","templated":true}]}}